{"id":6867,"date":"2024-09-19T11:59:02","date_gmt":"2024-09-19T09:59:02","guid":{"rendered":"https:\/\/nataliajefimowa.pl\/s1\/?post_type=product&#038;p=6867"},"modified":"2025-03-06T21:43:30","modified_gmt":"2025-03-06T20:43:30","slug":"bogini-ognia-old","status":"publish","type":"product","link":"https:\/\/nataliajefimowa.pl\/s1\/produkt\/bogini-ognia-old\/","title":{"rendered":"warsztat rozwojowy"},"content":{"rendered":"<h2 data-block=\"true\" data-editor=\"cvirh\" data-offset-key=\"kfft-0-0\"><strong>OBUD\u0179 w sobie PASJ\u0118 I NAMI\u0118TNO\u015a\u0106<\/strong><\/h2>\n<div class=\"\" data-block=\"true\" data-editor=\"cvirh\" data-offset-key=\"fdop2-0-0\">\n<div class=\"_1mf _1mj\" data-offset-key=\"fdop2-0-0\">\n<p>warsztat z cyklu &#8222;AKADEMIA KOBIECO\u015aCI Natalii Jefimowej&#8221;<\/p>\n<p>&#8211;<\/p>\n<p><strong>DZI\u0118KI WARSZTATOWI:<\/strong><\/p>\n<\/div>\n<\/div>\n<div class=\"\" data-block=\"true\" data-editor=\"cvirh\" data-offset-key=\"1vvqr-0-0\">\n<div class=\"_1mf _1mj\" data-offset-key=\"1vvqr-0-0\"><span data-offset-key=\"1vvqr-0-0\">\u00a0<\/span><\/div>\n<\/div>\n<div class=\"\" data-block=\"true\" data-editor=\"cvirh\" data-offset-key=\"8mobb-0-0\">\n<div class=\"_1mf _1mj\" data-offset-key=\"8mobb-0-0\"><span data-offset-key=\"8mobb-0-0\">2. Przywr\u00f3cisz pe\u0142ni\u0119 uczu\u0107 i wra\u017ce\u0144, b\u0119dziesz cieszy\u0107 si\u0119 ka\u017cd\u0105 chwil\u0105.<\/span><\/div>\n<\/div>\n<div class=\"\" data-block=\"true\" data-editor=\"cvirh\" data-offset-key=\"evqac-0-0\">\n<div class=\"_1mf _1mj\" data-offset-key=\"evqac-0-0\"><span data-offset-key=\"evqac-0-0\">3. Pozb\u0119dziesz si\u0119 blokad, kt\u00f3re przeszkadzaj\u0105 Ci cieszy\u0107 si\u0119 z blisko\u015bci z Twoim ukochanym.<\/span><\/div>\n<\/div>\n<div class=\"\" data-block=\"true\" data-editor=\"cvirh\" data-offset-key=\"bo06-0-0\">\n<div class=\"_1mf _1mj\" data-offset-key=\"bo06-0-0\"><span data-offset-key=\"bo06-0-0\">4. Odkryjesz w sobie niesamowit\u0105 seksualno\u015b\u0107, pasj\u0119 i zmys\u0142owo\u015b\u0107.<\/span><\/div>\n<\/div>\n<div class=\"\" data-block=\"true\" data-editor=\"cvirh\" data-offset-key=\"69u2l-0-0\">\n<div class=\"_1mf _1mj\" data-offset-key=\"69u2l-0-0\"><span data-offset-key=\"69u2l-0-0\">5. Poczujesz si\u0119 do\u015bwiadczon\u0105 kusicielk\u0105, przed kt\u00f3r\u0105 \u017caden m\u0119\u017cczyzna nie b\u0119dzie w stanie si\u0119 oprze\u0107.<\/span><\/div>\n<\/div>\n<div class=\"\" data-block=\"true\" data-editor=\"cvirh\" data-offset-key=\"7jr82-0-0\">\n<div class=\"_1mf _1mj\" data-offset-key=\"7jr82-0-0\"><span data-offset-key=\"7jr82-0-0\">6. B\u0119dziesz mog\u0142a rozpali\u0107 ogie\u0144 pasji w zwi\u0105zku, nawet je\u015bli jeste\u015bcie razem wiele lat.<\/span><\/div>\n<\/div>\n<div class=\"\" data-block=\"true\" data-editor=\"cvirh\" data-offset-key=\"42p8s-0-0\">\n<div class=\"_1mf _1mj\" data-offset-key=\"42p8s-0-0\"><span data-offset-key=\"42p8s-0-0\">7. Dowiesz si\u0119 i nauczysz jak nape\u0142nia\u0107 si\u0119 energi\u0105, pasj\u0105, odwag\u0105 i rado\u015bci\u0105 \u017cycia.<\/span><\/div>\n<\/div>\n<div class=\"\" data-block=\"true\" data-editor=\"cvirh\" data-offset-key=\"t3nh-0-0\">\n<div class=\"_1mf _1mj\" data-offset-key=\"t3nh-0-0\"><span data-offset-key=\"t3nh-0-0\">\u00a0<\/span><\/div>\n<\/div>\n<div class=\"\" data-block=\"true\" data-editor=\"cvirh\" data-offset-key=\"fpmtn-0-0\">\n<div class=\"_1mf _1mj\" data-offset-key=\"fpmtn-0-0\"><span data-offset-key=\"fpmtn-0-0\">Ten warsztat pozwoli Ci sta\u0107 si\u0119 wyj\u0105tkow\u0105, nami\u0119tn\u0105 i seksown\u0105, otworzysz sw\u00f3j kobiecy magnetyzm, nauczysz si\u0119 \u017cy\u0107 na fali przyjemno\u015bci, daj\u0105c i otrzymuj\u0105c j\u0105 w zamian!<\/span><\/div>\n<\/div>\n<div class=\"\" data-block=\"true\" data-editor=\"cvirh\" data-offset-key=\"5445m-0-0\">\n<div class=\"_1mf _1mj\" data-offset-key=\"5445m-0-0\"><span data-offset-key=\"5445m-0-0\">\u00a0<\/span><\/div>\n<\/div>\n<div class=\"\" data-block=\"true\" data-editor=\"cvirh\" data-offset-key=\"5m09t-0-0\">\n<div class=\"_1mf _1mj\" data-offset-key=\"5m09t-0-0\"><strong>WARSZTAT SK\u0141ADA SI\u0118 Z:<\/strong><\/div>\n<\/div>\n<div class=\"\" data-block=\"true\" data-editor=\"cvirh\" data-offset-key=\"fsqs1-0-0\">\n<ul>\n<li class=\"_1mf _1mj\" data-offset-key=\"fsqs1-0-0\"><span data-offset-key=\"fsqs1-0-0\">CZ\u0118\u015aCI TEORETYCZNEJ &#8211; poznasz tajniki kobiecej mocy.<\/span><\/li>\n<li class=\"_1mf _1mj\" data-offset-key=\"fsqs1-0-0\">\u0106WICZENIA, kt\u00f3re pomog\u0105 Ci uzyska\u0107 wgl\u0105d w sfer\u0119 Twego \u017cycia, dzi\u0119ki kt\u00f3rym dowiesz si\u0119 nad czym musisz popracowa\u0107 aby znacznie polepszy\u0107 jako\u015b\u0107 Twojego \u017cycia.<\/li>\n<li class=\"_1mf _1mj\" data-offset-key=\"fsqs1-0-0\">PRAKTYK ENERGETYCZNYCH, dzi\u0119ki kt\u00f3rym wejdziesz w stan BOGINI OGNIA \u2013 w stan Kochanki,<\/li>\n<li class=\"_1mf _1mj\" data-offset-key=\"fsqs1-0-0\">MEDYTACJI &#8211; diagnostycznych oraz na nape\u0142niaj\u0105cych Ci\u0119 kobiec\u0105 energi\u0105.<\/li>\n<\/ul>\n<\/div>\n<div class=\"\" data-block=\"true\" data-editor=\"cvirh\" data-offset-key=\"9d4m4-0-0\">\n<div class=\"_1mf _1mj\" data-offset-key=\"9d4m4-0-0\"><span data-offset-key=\"9d4m4-0-0\">\u00a0<\/span><\/div>\n<\/div>\n<div class=\"\" data-block=\"true\" data-editor=\"cvirh\" data-offset-key=\"9hkj6-0-0\">\n<div class=\"_1mf _1mj\" data-offset-key=\"9hkj6-0-0\"><span data-offset-key=\"9hkj6-0-0\">Kieruj swoj\u0105 energi\u0119 na samorozw\u00f3j! Po\u0142\u0105cz swoj\u0105 kobiec\u0105 moc dzi\u0119ki czterem stanom Kobiety Bogini, aby prze\u017cy\u0107 swoje \u017cycie z rado\u015bci\u0105, mi\u0142o\u015bci\u0105 i pasj\u0105!<\/span><\/div>\n<\/div>\n<div class=\"\" data-block=\"true\" data-editor=\"cvirh\" data-offset-key=\"38f45-0-0\"><\/div>\n<div class=\"\" data-block=\"true\" data-editor=\"cvirh\" data-offset-key=\"abvml-0-0\">\n<div class=\"_1mf _1mj\" data-offset-key=\"abvml-0-0\"><span data-offset-key=\"abvml-0-0\">Podczas warsztatu poznasz tajniki wiedzy o kobiecej magicznej mocy, kt\u00f3re Natalia Jefimowa pozna\u0142a od najlepszych nauczycielek kobieco\u015bci na Wschodzie.<\/span><\/div>\n<div data-offset-key=\"abvml-0-0\"><\/div>\n<\/div>\n<div class=\"\" data-block=\"true\" data-editor=\"cvirh\" data-offset-key=\"cf0et-0-0\">\n<div class=\"_1mf _1mj\" data-offset-key=\"cf0et-0-0\"><span data-offset-key=\"cf0et-0-0\">Warsztat bazuje na najlepszych osi\u0105gni\u0119ciach psychologii wsp\u00f3\u0142czesnej w po\u0142\u0105czeniu ze staro\u017cytn\u0105 wiedz\u0105 Vedyjsk\u0105, filozofi\u0105 wschodni\u0105 i praktykami energetycznymi.<\/span><\/div>\n<\/div>\n<div data-offset-key=\"cf0et-0-0\">\n<p>______________<\/p>\n<p>&nbsp;<\/p>\n<\/div>\n","protected":false},"excerpt":{"rendered":"<div class=\"\" data-block=\"true\" data-editor=\"aktoj\" data-offset-key=\"2rhv8-0-0\">\n<h2 data-block=\"true\" data-editor=\"cvirh\" data-offset-key=\"kfft-0-0\"><strong>OBUD\u0179 w sobie PASJ\u0118 I NAMI\u0118TNO\u015a\u0106<\/strong><\/h2>\n<p>-warsztat g\u0142\u0119bokiej transformacji dla kobiet z cyklu \u201eAKADEMIA KOBIECO\u015aCI\u00a0 &#8211; Natalii Jefimowej\u201d.<\/p>\n<p>Data: 1-2 marca 2025<br \/>\nMiejsce: SOPOT (szczeg\u00f3\u0142owe informacje o miejscu wydarzenia zostan\u0105 przes\u0142ane po op\u0142aceniu zam\u00f3wienia)<\/p>\n<blockquote><p><strong>Obud\u017a swoj\u0105 wewn\u0119trzn\u0105 KOCHANK\u0118 i poczuj prawdziwy OGIE\u0143!<\/strong><\/p><\/blockquote>\n<p><strong>Czy marzysz<\/strong>, aby czu\u0107 si\u0119 po\u017c\u0105dan\u0105, pe\u0142n\u0105 pasji i zmys\u0142owo\u015bci? Czy chcesz emanowa\u0107 energi\u0105, kt\u00f3ra przyci\u0105ga zachwyt i nami\u0119tno\u015b\u0107, jednocze\u015bnie uwalniaj\u0105c si\u0119 od blokad, kt\u00f3re trzymaj\u0105 Ci\u0119 w miejscu?<\/p>\n<p><strong>BOGINI OGNIA \u2013 stan Kochanka<\/strong> &#8211; to nasza energia seksualna, energia tw\u00f3rcza, energia pasji.<\/p>\n<blockquote><p><strong>Stan \u201eKochanka<\/strong>\u201d\u00a0 &#8211; to stan Kobiety, kt\u00f3ry wyra\u017ca nasz\u0105 umiej\u0119tno\u015b\u0107 cieszenia si\u0119 \u017cyciem: od siebie, od pysznego jedzenia, od pi\u0119knych ruch\u00f3w, od podziwiania natury.<br \/>\n<strong>Stan \u201eKochanka\u201d<\/strong> jest rozwijany w kobiecie dzi\u0119ki <strong>\u017cywio\u0142owi OGNIA<\/strong>. To umiej\u0119tno\u015b\u0107 odczuwania pasji i nape\u0142niania t\u0105 pasj\u0105 wszystkiego, co tworzysz. To pozwolenie sobie na bycie seksown\u0105 i \u017cywio\u0142ow\u0105, kreatywn\u0105 i woln\u0105. To prze\u017cywanie \u017cycia w ca\u0142kowitej przyjemno\u015bci, kt\u00f3rego wynikiem jest tworzenie prawdziwych dzie\u0142 sztuki i prze\u017cy\u0107 duchowych.<\/p><\/blockquote>\n<p><strong>Warsztat \u201eBOGINI OGNIA &#8211; Stan Kochanka\u201d<\/strong> to wyj\u0105tkowa przestrze\u0144, w kt\u00f3rej odkryjesz moc swojej kobieco\u015bci i nami\u0119tno\u015bci. Nauczysz si\u0119 otwiera\u0107 na w\u0142asn\u0105 seksualno\u015b\u0107 i pewno\u015b\u0107 siebie, dzi\u0119ki czemu nie tylko poczujesz si\u0119 pi\u0119kniejsza i bardziej spe\u0142niona, ale tak\u017ce staniesz si\u0119 magnesem dla swojego partnera lub otworzysz si\u0119 na nowe relacje.<\/p>\n<p><strong>Warsztat jest dla Ciebie, je\u015bli:<\/strong><\/p>\n<ul>\n<li>Nie czerpiesz pe\u0142nej rado\u015bci z \u017cycia i swojej kobieco\u015bci.<br \/>\n\u2022 Masz poczucie, \u017ce Twoja relacja z partnerem lub Twoje \u017cycie seksualne wymagaj\u0105 zmiany i od\u015bwie\u017cenia.<br \/>\n\u2022 Czujesz blokady w wyra\u017caniu swojej zmys\u0142owo\u015bci i nami\u0119tno\u015bci.<br \/>\n\u2022 Czujesz si\u0119 zm\u0119czona i pozbawiona energii.<br \/>\n\u2022 Pragniesz odzyska\u0107 pewno\u015b\u0107 siebie, poczucie atrakcyjno\u015bci i rado\u015b\u0107 p\u0142yn\u0105c\u0105 z bycia kobiet\u0105.<br \/>\n\u2022 W Twoim \u017cyciu nie pojawiaj\u0105 si\u0119 ciekawe mo\u017cliwo\u015bci, m\u0119\u017cczy\u017ani, pieni\u0105dze.<br \/>\n\u2022 Czujesz si\u0119 niezauwa\u017cana, jak \u201eszara myszka\u201d.<br \/>\n\u2022 Nikt nie zwraca na Ciebie pe\u0142nego podziwu i nami\u0119tno\u015bci wzroku.<br \/>\n\u2022 Albo, wr\u0119cz przeciwnie &#8211; \u017cycie seksualne zabiera wszystkie Twoje zasoby energetyczne.<br \/>\n\u2022 Odczuwasz brak tw\u00f3rczo\u015bci, brak kreatywno\u015bci.<br \/>\n\u2022 M\u0119\u017cczy\u017ani i znajomi niech\u0119tnie sp\u0119dzaj\u0105 z Tob\u0105 czas.<\/li>\n<\/ul>\n<p>Je\u015bli odpowiedzia\u0142a\u015b <strong>\u201eTAK\u201d<\/strong> cho\u0107by na jeden z tych punkt\u00f3w, to zapraszamy Ci\u0119, Droga Pani, na wyj\u0105tkowy dwudniowy warsztat rozwojowy pt. <strong>\u201eBOGINI OGNIA &#8211; stan Kochanka\u201d,<\/strong> dzi\u0119ki kt\u00f3remu rozwiniesz sw\u00f3j magnetyzm, kreatywno\u015b\u0107 i seksapil, staj\u0105c si\u0119 kobiet\u0105, obok kt\u00f3rej nie mo\u017cna b\u0119dzie przej\u015b\u0107 oboj\u0119tnie.<\/p>\n<p>&nbsp;<\/p>\n<p><strong>DZI\u0118KI UDZIA\u0141OWI W WARSZTACIE:<\/strong><\/p>\n<ol>\n<li>Przepracujesz i wzmocnisz sw\u00f3j stan Kochanki \u2013 BOGINI OGNIA.<\/li>\n<li>Przywr\u00f3cisz pe\u0142ni\u0119 uczu\u0107 i wra\u017ce\u0144, b\u0119dziesz cieszy\u0107 si\u0119 ka\u017cd\u0105 chwil\u0105.<\/li>\n<li>Pozb\u0119dziesz si\u0119 blokad, kt\u00f3re przeszkadzaj\u0105 Ci cieszy\u0107 si\u0119 z blisko\u015bci z Twoim ukochanym.<\/li>\n<li>Odkryjesz w sobie niesamowit\u0105 seksualno\u015b\u0107, pasj\u0119 i zmys\u0142owo\u015b\u0107.<\/li>\n<li>Poczujesz si\u0119 do\u015bwiadczon\u0105 kusicielk\u0105, przed kt\u00f3r\u0105 \u017caden m\u0119\u017cczyzna nie b\u0119dzie w stanie si\u0119 oprze\u0107.<\/li>\n<li>B\u0119dziesz mog\u0142a rozpali\u0107 ogie\u0144 pasji w zwi\u0105zku, nawet je\u015bli jeste\u015bcie razem wiele lat.<\/li>\n<li>Dowiesz si\u0119 i nauczysz, jak nape\u0142nia\u0107 si\u0119 energi\u0105, pasj\u0105, odwag\u0105 i rado\u015bci\u0105 \u017cycia.<\/li>\n<li>Poznasz praktyki energetyczne na pe\u0142nienie si\u0119 seksualno\u015bci\u0105 i magnetyzmem.<\/li>\n<li>Pog\u0142\u0119bisz swoj\u0105 intymno\u015b\u0107 w relacji.<\/li>\n<li>Wprowadzisz do swojego \u017cycia wi\u0119cej pasji i harmonii.<\/li>\n<\/ol>\n<blockquote><p><strong>Ten warsztat pozwoli Ci sta\u0107 si\u0119 wyj\u0105tkow\u0105, nami\u0119tn\u0105 i seksown\u0105, otworzysz sw\u00f3j kobiecy magnetyzm, nauczysz si\u0119 \u017cy\u0107 na fali przyjemno\u015bci, daj\u0105c i otrzymuj\u0105c j\u0105 w zamian!<\/strong><\/p><\/blockquote>\n<p>Kieruj swoj\u0105 energi\u0119 na samorozw\u00f3j! Po\u0142\u0105cz swoj\u0105 kobiec\u0105 moc dzi\u0119ki czterem stanom Kobiety Bogini, aby prze\u017cy\u0107 swoje \u017cycie z rado\u015bci\u0105, mi\u0142o\u015bci\u0105 i pasj\u0105!<\/p>\n<p><strong>Podczas warsztatu poznasz tajniki wiedzy o kobiecej magicznej mocy, kt\u00f3re pozna\u0142am od najlepszych nauczycielek kobieco\u015bci na Wschodzie. <\/strong>Warsztat bazuje na najlepszych osi\u0105gni\u0119ciach psychologii wsp\u00f3\u0142czesnej w po\u0142\u0105czeniu ze staro\u017cytn\u0105 wiedz\u0105 wedyjsk\u0105, filozofi\u0105 wschodni\u0105 i praktykami energetycznymi.<\/p>\n<p>&#8211;<\/p>\n<p><strong>OPINIE o warsztacie &#8221; BOGINI OGNIA &#8211; stan Kochanka&#8221;<\/strong><\/p>\n<\/div>\n<p>https:\/\/www.youtube.com\/watch?v=-LHTOyO4Xk4<\/p>\n<div data-offset-key=\"4oo2g-0-0\"><\/div>\n<div class=\"\" data-block=\"true\" data-editor=\"aktoj\" data-offset-key=\"4oo2g-0-0\">\n<ul>\n<li data-offset-key=\"4oo2g-0-0\">O koncepcji <strong>&#8222;SZKO\u0141Y BOGI\u0143 Natalii Jefimowej&#8221; <a href=\"https:\/\/nataliajefimowa.pl\/szkola-bogin-koncepcja\/\">mo\u017cesz przeczyta\u0107 TU\u00a0<\/a><\/strong><\/li>\n<\/ul>\n<\/div>\n<div data-offset-key=\"4oo2g-0-0\"><\/div>\n<blockquote>\n<div data-offset-key=\"4oo2g-0-0\"><strong>? A JE\u015aLI chcesz<\/strong> pozna\u0107 jaki stan Kobiety masz najlepiej rozwini\u0119ty a nad kt\u00f3rym warto popracowa\u0107, to <a href=\"https:\/\/nataliajefimowa.pl\/4-stany-kobiety\/\"><strong>zr\u00f3b TEST<\/strong><\/a> i poznaj kim jeste\u015b &#8211; Kochank\u0105, Pani\u0105 Domu, Dziewczynk\u0105 czy Kr\u00f3low\u0105?<\/div>\n<\/blockquote>\n<p data-offset-key=\"4oo2g-0-0\">__<\/p>\n<div class=\"\" data-block=\"true\" data-editor=\"aktoj\" data-offset-key=\"4oo2g-0-0\">\n<h3 data-offset-key=\"4oo2g-0-0\"><strong>INWESTYCJA<\/strong><\/h3>\n<p data-offset-key=\"4oo2g-0-0\"><strong>SOPOT \u2013 1-2 marca 2025<\/strong><\/p>\n<ul>\n<li>przy wp\u0142acie ca\u0142o\u015bci kwoty do 23.02.2025\u2013 2775 z\u0142<\/li>\n<li>przy wp\u0142acie ca\u0142o\u015bci kwoty do 28.02.2025 \u2013 3475 z\u0142<\/li>\n<li>przy wp\u0142acie ca\u0142o\u015bci kwoty w dniu warsztatu \u2013 5550 z\u0142<\/li>\n<\/ul>\n<p>_<\/p>\n<p>CENA ZAWIERA:<\/p>\n<ul>\n<li>warsztat rozwojowy 2 dni (20 h)<\/li>\n<li>przerwy kawowe<\/li>\n<li>woda w butelkach<\/li>\n<li>materia\u0142y edukacyjne<\/li>\n<li>obs\u0142uga serwisowa<\/li>\n<\/ul>\n<p>CENA NIE ZAWIERA:<\/p>\n<ul>\n<li>Dojazd<\/li>\n<li>Pobyt<\/li>\n<li>Wy\u017cywienie<\/li>\n<\/ul>\n<p>HARMONOGRAM :<\/p>\n<div>01.03 (sobota) 10:00-20:00 + zapas 60 min<\/div>\n<div>02.03 (niedziela) 9:00-18:0 + zapas 60 min<\/div>\n<div class=\"\" data-block=\"true\" data-editor=\"aktoj\" data-offset-key=\"4oo2g-0-0\">\n<p data-offset-key=\"4oo2g-0-0\"><strong><em>\u00a0Ilo\u015b\u0107 miejsc jest ograniczona, obowi\u0105zuje zasada kolejno\u015bci wp\u0142at.<\/em><\/strong><\/p>\n<p><strong>! uwaga! GWARANCJA<\/strong> rezerwacji miejsca\u00a0<strong> WY\u0141\u0104CZNIE PO ZAKSI\u0118GOWANIU OP\u0141ATY<\/strong> na koncie bankowym.<\/p>\n<div data-offset-key=\"4oo2g-0-0\">\n<p>_____<\/p>\n<\/div>\n<\/div>\n<div data-offset-key=\"4oo2g-0-0\">\n<p><strong>\u00a0PROMOCJA! <\/strong>Je\u015bli bra\u0142a\u015b udzia\u0142 w poprzedniej edycji warsztatu \u201eBOGINI OGNIA &#8211; stan KOCHANKA\u201d \u2013 to dla Ciebie przygotowali\u015bmy PREZENT \u2013 50 % RABATU!<\/p>\n<p>_<\/p>\n<p><strong>Pytania<\/strong> prosz\u0119 kierowa\u0107 na mail: info@nataliajefimowa.pl<\/p>\n<p>&nbsp;<\/p>\n<\/div>\n<p>** Organizator zastrzega sobie prawo w sytuacji wyj\u0105tkowej na zmian\u0119 terminu i miejsca wydarzenia, o czym poinformuje pisemnie na maila podanego przy zakupie natychmiast kiedy zapadnie taka potrzeba zmiany.<\/p>\n<div data-offset-key=\"4oo2g-0-0\">\n<p>&nbsp;<\/p>\n<\/div>\n<\/div>\n<p>https:\/\/youtu.be\/wNh9hl441vE<\/p>\n","protected":false},"featured_media":6950,"template":"","meta":{"_acf_changed":false},"product_brand":[],"product_cat":[17],"product_tag":[29,21,24,25,27,26,28,22,30,23],"class_list":{"0":"post-6867","1":"product","2":"type-product","3":"status-publish","4":"has-post-thumbnail","6":"product_cat-archiwum","7":"product_tag-archetyp-kochanki","8":"product_tag-bogini-ognia","9":"product_tag-energia-seksualna","10":"product_tag-energia-tworcza","11":"product_tag-kobieca-zmyslowosc","12":"product_tag-pasja-i-namietnosc","13":"product_tag-rozwoj-osobisty-kobiet","14":"product_tag-stan-kochanka","15":"product_tag-warsztat-kobiecosci","16":"product_tag-warsztat-rozwojowy-dla-kobiet","18":"first","19":"outofstock","20":"virtual","21":"sold-individually","22":"taxable","23":"purchasable","24":"product-type-simple"},"acf":[],"yoast_head":"<!-- This site is optimized with the Yoast SEO plugin v27.4 - https:\/\/yoast.com\/product\/yoast-seo-wordpress\/ -->\n<title>warsztat rozwojowy - Akademia Kobieco\u015bci<\/title>\n<meta name=\"description\" content=\"Do\u0142\u0105cz do warsztatu &#039;Bogini Ognia \u2013 stan Kochanka&#039; 1-2 marca 2025 w Sopocie. Odkryj swoj\u0105 energi\u0119 seksualn\u0105 i tw\u00f3rcz\u0105, wzmocnij pasj\u0119 i nami\u0119tno\u015b\u0107 w \u017cyciu. Zapisz si\u0119 ju\u017c dzi\u015b i poczuj si\u0119 atrakcyjna oraz pe\u0142na \u017cycia!\" \/>\n<meta name=\"robots\" content=\"index, follow, max-snippet:-1, max-image-preview:large, max-video-preview:-1\" \/>\n<link rel=\"canonical\" href=\"https:\/\/nataliajefimowa.pl\/s1\/produkt\/bogini-ognia-old\/\" \/>\n<meta property=\"og:locale\" content=\"pl_PL\" \/>\n<meta property=\"og:type\" content=\"article\" \/>\n<meta property=\"og:title\" content=\"warsztat rozwojowy - Akademia Kobieco\u015bci\" \/>\n<meta property=\"og:description\" content=\"Do\u0142\u0105cz do warsztatu &#039;Bogini Ognia \u2013 stan Kochanka&#039; 1-2 marca 2025 w Sopocie. Odkryj swoj\u0105 energi\u0119 seksualn\u0105 i tw\u00f3rcz\u0105, wzmocnij pasj\u0119 i nami\u0119tno\u015b\u0107 w \u017cyciu. Zapisz si\u0119 ju\u017c dzi\u015b i poczuj si\u0119 atrakcyjna oraz pe\u0142na \u017cycia!\" \/>\n<meta property=\"og:url\" content=\"https:\/\/nataliajefimowa.pl\/s1\/produkt\/bogini-ognia-old\/\" \/>\n<meta property=\"og:site_name\" content=\"Akademia Kobieco\u015bci\" \/>\n<meta property=\"article:modified_time\" content=\"2025-03-06T20:43:30+00:00\" \/>\n<meta property=\"og:image\" content=\"https:\/\/nataliajefimowa.pl\/s1\/wp-content\/uploads\/sites\/2\/2024\/09\/6.png\" \/>\n\t<meta property=\"og:image:width\" content=\"940\" \/>\n\t<meta property=\"og:image:height\" content=\"788\" \/>\n\t<meta property=\"og:image:type\" content=\"image\/png\" \/>\n<meta name=\"twitter:card\" content=\"summary_large_image\" \/>\n<meta name=\"twitter:label1\" content=\"Szacowany czas czytania\" \/>\n\t<meta name=\"twitter:data1\" content=\"2 minuty\" \/>\n<script type=\"application\/ld+json\" class=\"yoast-schema-graph\">{\"@context\":\"https:\\\/\\\/schema.org\",\"@graph\":[{\"@type\":\"WebPage\",\"@id\":\"https:\\\/\\\/nataliajefimowa.pl\\\/s1\\\/produkt\\\/bogini-ognia-old\\\/\",\"url\":\"https:\\\/\\\/nataliajefimowa.pl\\\/s1\\\/produkt\\\/bogini-ognia-old\\\/\",\"name\":\"warsztat rozwojowy - Akademia Kobieco\u015bci\",\"isPartOf\":{\"@id\":\"https:\\\/\\\/nataliajefimowa.pl\\\/s1\\\/#website\"},\"primaryImageOfPage\":{\"@id\":\"https:\\\/\\\/nataliajefimowa.pl\\\/s1\\\/produkt\\\/bogini-ognia-old\\\/#primaryimage\"},\"image\":{\"@id\":\"https:\\\/\\\/nataliajefimowa.pl\\\/s1\\\/produkt\\\/bogini-ognia-old\\\/#primaryimage\"},\"thumbnailUrl\":\"https:\\\/\\\/nataliajefimowa.pl\\\/s1\\\/wp-content\\\/uploads\\\/sites\\\/2\\\/2024\\\/09\\\/6.png\",\"datePublished\":\"2024-09-19T09:59:02+00:00\",\"dateModified\":\"2025-03-06T20:43:30+00:00\",\"description\":\"Do\u0142\u0105cz do warsztatu 'Bogini Ognia \u2013 stan Kochanka' 1-2 marca 2025 w Sopocie. Odkryj swoj\u0105 energi\u0119 seksualn\u0105 i tw\u00f3rcz\u0105, wzmocnij pasj\u0119 i nami\u0119tno\u015b\u0107 w \u017cyciu. Zapisz si\u0119 ju\u017c dzi\u015b i poczuj si\u0119 atrakcyjna oraz pe\u0142na \u017cycia!\",\"breadcrumb\":{\"@id\":\"https:\\\/\\\/nataliajefimowa.pl\\\/s1\\\/produkt\\\/bogini-ognia-old\\\/#breadcrumb\"},\"inLanguage\":\"pl-PL\",\"potentialAction\":[{\"@type\":\"ReadAction\",\"target\":[\"https:\\\/\\\/nataliajefimowa.pl\\\/s1\\\/produkt\\\/bogini-ognia-old\\\/\"]}]},{\"@type\":\"ImageObject\",\"inLanguage\":\"pl-PL\",\"@id\":\"https:\\\/\\\/nataliajefimowa.pl\\\/s1\\\/produkt\\\/bogini-ognia-old\\\/#primaryimage\",\"url\":\"https:\\\/\\\/nataliajefimowa.pl\\\/s1\\\/wp-content\\\/uploads\\\/sites\\\/2\\\/2024\\\/09\\\/6.png\",\"contentUrl\":\"https:\\\/\\\/nataliajefimowa.pl\\\/s1\\\/wp-content\\\/uploads\\\/sites\\\/2\\\/2024\\\/09\\\/6.png\",\"width\":940,\"height\":788},{\"@type\":\"BreadcrumbList\",\"@id\":\"https:\\\/\\\/nataliajefimowa.pl\\\/s1\\\/produkt\\\/bogini-ognia-old\\\/#breadcrumb\",\"itemListElement\":[{\"@type\":\"ListItem\",\"position\":1,\"name\":\"Strona g\u0142\u00f3wna\",\"item\":\"https:\\\/\\\/nataliajefimowa.pl\\\/s1\\\/\"},{\"@type\":\"ListItem\",\"position\":2,\"name\":\"Produkty\",\"item\":\"https:\\\/\\\/nataliajefimowa.pl\\\/s1\\\/shop\\\/\"},{\"@type\":\"ListItem\",\"position\":3,\"name\":\"warsztat rozwojowy\"}]},{\"@type\":\"WebSite\",\"@id\":\"https:\\\/\\\/nataliajefimowa.pl\\\/s1\\\/#website\",\"url\":\"https:\\\/\\\/nataliajefimowa.pl\\\/s1\\\/\",\"name\":\"Akademia Kobieco\u015bci\",\"description\":\"\",\"potentialAction\":[{\"@type\":\"SearchAction\",\"target\":{\"@type\":\"EntryPoint\",\"urlTemplate\":\"https:\\\/\\\/nataliajefimowa.pl\\\/s1\\\/?s={search_term_string}\"},\"query-input\":{\"@type\":\"PropertyValueSpecification\",\"valueRequired\":true,\"valueName\":\"search_term_string\"}}],\"inLanguage\":\"pl-PL\"}]}<\/script>\n<!-- \/ Yoast SEO plugin. -->","yoast_head_json":{"title":"warsztat rozwojowy - Akademia Kobieco\u015bci","description":"Do\u0142\u0105cz do warsztatu 'Bogini Ognia \u2013 stan Kochanka' 1-2 marca 2025 w Sopocie. Odkryj swoj\u0105 energi\u0119 seksualn\u0105 i tw\u00f3rcz\u0105, wzmocnij pasj\u0119 i nami\u0119tno\u015b\u0107 w \u017cyciu. Zapisz si\u0119 ju\u017c dzi\u015b i poczuj si\u0119 atrakcyjna oraz pe\u0142na \u017cycia!","robots":{"index":"index","follow":"follow","max-snippet":"max-snippet:-1","max-image-preview":"max-image-preview:large","max-video-preview":"max-video-preview:-1"},"canonical":"https:\/\/nataliajefimowa.pl\/s1\/produkt\/bogini-ognia-old\/","og_locale":"pl_PL","og_type":"article","og_title":"warsztat rozwojowy - Akademia Kobieco\u015bci","og_description":"Do\u0142\u0105cz do warsztatu 'Bogini Ognia \u2013 stan Kochanka' 1-2 marca 2025 w Sopocie. Odkryj swoj\u0105 energi\u0119 seksualn\u0105 i tw\u00f3rcz\u0105, wzmocnij pasj\u0119 i nami\u0119tno\u015b\u0107 w \u017cyciu. Zapisz si\u0119 ju\u017c dzi\u015b i poczuj si\u0119 atrakcyjna oraz pe\u0142na \u017cycia!","og_url":"https:\/\/nataliajefimowa.pl\/s1\/produkt\/bogini-ognia-old\/","og_site_name":"Akademia Kobieco\u015bci","article_modified_time":"2025-03-06T20:43:30+00:00","og_image":[{"width":940,"height":788,"url":"https:\/\/nataliajefimowa.pl\/s1\/wp-content\/uploads\/sites\/2\/2024\/09\/6.png","type":"image\/png"}],"twitter_card":"summary_large_image","twitter_misc":{"Szacowany czas czytania":"2 minuty"},"schema":{"@context":"https:\/\/schema.org","@graph":[{"@type":"WebPage","@id":"https:\/\/nataliajefimowa.pl\/s1\/produkt\/bogini-ognia-old\/","url":"https:\/\/nataliajefimowa.pl\/s1\/produkt\/bogini-ognia-old\/","name":"warsztat rozwojowy - Akademia Kobieco\u015bci","isPartOf":{"@id":"https:\/\/nataliajefimowa.pl\/s1\/#website"},"primaryImageOfPage":{"@id":"https:\/\/nataliajefimowa.pl\/s1\/produkt\/bogini-ognia-old\/#primaryimage"},"image":{"@id":"https:\/\/nataliajefimowa.pl\/s1\/produkt\/bogini-ognia-old\/#primaryimage"},"thumbnailUrl":"https:\/\/nataliajefimowa.pl\/s1\/wp-content\/uploads\/sites\/2\/2024\/09\/6.png","datePublished":"2024-09-19T09:59:02+00:00","dateModified":"2025-03-06T20:43:30+00:00","description":"Do\u0142\u0105cz do warsztatu 'Bogini Ognia \u2013 stan Kochanka' 1-2 marca 2025 w Sopocie. Odkryj swoj\u0105 energi\u0119 seksualn\u0105 i tw\u00f3rcz\u0105, wzmocnij pasj\u0119 i nami\u0119tno\u015b\u0107 w \u017cyciu. Zapisz si\u0119 ju\u017c dzi\u015b i poczuj si\u0119 atrakcyjna oraz pe\u0142na \u017cycia!","breadcrumb":{"@id":"https:\/\/nataliajefimowa.pl\/s1\/produkt\/bogini-ognia-old\/#breadcrumb"},"inLanguage":"pl-PL","potentialAction":[{"@type":"ReadAction","target":["https:\/\/nataliajefimowa.pl\/s1\/produkt\/bogini-ognia-old\/"]}]},{"@type":"ImageObject","inLanguage":"pl-PL","@id":"https:\/\/nataliajefimowa.pl\/s1\/produkt\/bogini-ognia-old\/#primaryimage","url":"https:\/\/nataliajefimowa.pl\/s1\/wp-content\/uploads\/sites\/2\/2024\/09\/6.png","contentUrl":"https:\/\/nataliajefimowa.pl\/s1\/wp-content\/uploads\/sites\/2\/2024\/09\/6.png","width":940,"height":788},{"@type":"BreadcrumbList","@id":"https:\/\/nataliajefimowa.pl\/s1\/produkt\/bogini-ognia-old\/#breadcrumb","itemListElement":[{"@type":"ListItem","position":1,"name":"Strona g\u0142\u00f3wna","item":"https:\/\/nataliajefimowa.pl\/s1\/"},{"@type":"ListItem","position":2,"name":"Produkty","item":"https:\/\/nataliajefimowa.pl\/s1\/shop\/"},{"@type":"ListItem","position":3,"name":"warsztat rozwojowy"}]},{"@type":"WebSite","@id":"https:\/\/nataliajefimowa.pl\/s1\/#website","url":"https:\/\/nataliajefimowa.pl\/s1\/","name":"Akademia Kobieco\u015bci","description":"","potentialAction":[{"@type":"SearchAction","target":{"@type":"EntryPoint","urlTemplate":"https:\/\/nataliajefimowa.pl\/s1\/?s={search_term_string}"},"query-input":{"@type":"PropertyValueSpecification","valueRequired":true,"valueName":"search_term_string"}}],"inLanguage":"pl-PL"}]}},"_links":{"self":[{"href":"https:\/\/nataliajefimowa.pl\/s1\/wp-json\/wp\/v2\/product\/6867","targetHints":{"allow":["GET"]}}],"collection":[{"href":"https:\/\/nataliajefimowa.pl\/s1\/wp-json\/wp\/v2\/product"}],"about":[{"href":"https:\/\/nataliajefimowa.pl\/s1\/wp-json\/wp\/v2\/types\/product"}],"wp:featuredmedia":[{"embeddable":true,"href":"https:\/\/nataliajefimowa.pl\/s1\/wp-json\/wp\/v2\/media\/6950"}],"wp:attachment":[{"href":"https:\/\/nataliajefimowa.pl\/s1\/wp-json\/wp\/v2\/media?parent=6867"}],"wp:term":[{"taxonomy":"product_brand","embeddable":true,"href":"https:\/\/nataliajefimowa.pl\/s1\/wp-json\/wp\/v2\/product_brand?post=6867"},{"taxonomy":"product_cat","embeddable":true,"href":"https:\/\/nataliajefimowa.pl\/s1\/wp-json\/wp\/v2\/product_cat?post=6867"},{"taxonomy":"product_tag","embeddable":true,"href":"https:\/\/nataliajefimowa.pl\/s1\/wp-json\/wp\/v2\/product_tag?post=6867"}],"curies":[{"name":"wp","href":"https:\/\/api.w.org\/{rel}","templated":true}]}}