{"id":6951,"date":"2025-03-04T12:57:15","date_gmt":"2025-03-04T11:57:15","guid":{"rendered":"https:\/\/nataliajefimowa.pl\/s1\/?post_type=product&#038;p=6951"},"modified":"2025-07-17T17:51:05","modified_gmt":"2025-07-17T15:51:05","slug":"pasja-namietnosc2025","status":"publish","type":"product","link":"https:\/\/nataliajefimowa.pl\/s1\/produkt\/pasja-namietnosc2025\/","title":{"rendered":"warsztat rozwojowy 12-13.07.2025 Warszawa"},"content":{"rendered":"","protected":false},"excerpt":{"rendered":"<div class=\"\" data-block=\"true\" data-editor=\"aktoj\" data-offset-key=\"2rhv8-0-0\">\n<h2><strong>OBUD\u0179 w sobie PASJ\u0118 I NAMI\u0118TNO\u015a\u0106 &#8211; stan Kochanka<\/strong><\/h2>\n<p><em>EKSKLUZYWNA AKADEMIA KOBIECO\u015aCI Natalii Jefimowej<\/em><\/p>\n<div class=\"\" data-block=\"true\" data-editor=\"aktoj\" data-offset-key=\"2rhv8-0-0\">\n<p class=\"_1mf _1mj\" data-offset-key=\"2rhv8-0-0\">\u00a0\u2013 warsztat g\u0142\u0119bokiej transformacji dla kobiet\u00a0z cyklu <strong>\u201eSZKO\u0141A BOGI\u0143\u201d<\/strong><\/p>\n<p data-offset-key=\"2rhv8-0-0\">\u2013<\/p>\n<p><span data-offset-key=\"2rhv8-0-0\"><strong>Data:<\/strong> 12-13 lipca 2025<\/span><\/p>\n<\/div>\n<p><strong>Miejsce:<\/strong> WARSZAWA(szczeg\u00f3\u0142owe informacje o miejscu wydarzenia zostan\u0105 przes\u0142ane po op\u0142aceniu zam\u00f3wienia)<\/p>\n<p>_<\/p>\n<p><strong>Obud\u017a swoj\u0105 w Pasje i Nami\u0119tno\u015b\u0107 i poczuj prawdziwy OGIE\u0143! Zharmonizuj sw\u00f3j archetyp\/stan kobiety &#8211; KOCHANKA!<\/strong><\/p>\n<blockquote><p><strong>Czy marzysz<\/strong>, aby czu\u0107 si\u0119 po\u017c\u0105dan\u0105, pe\u0142n\u0105 pasji i zmys\u0142owo\u015bci? Czy chcesz emanowa\u0107 energi\u0105, kt\u00f3ra przyci\u0105ga zachwyt i nami\u0119tno\u015b\u0107, jednocze\u015bnie uwalniaj\u0105c si\u0119 od blokad, kt\u00f3re trzymaj\u0105 Ci\u0119 w miejscu?<\/p><\/blockquote>\n<p>&nbsp;<\/p>\n<p><strong>Warsztat \u201e<\/strong><strong>OBUD\u0179 w sobie PASJ\u0118 I NAMI\u0118TNO\u015a\u0106<\/strong><strong>\u201d<\/strong> to wyj\u0105tkowa przestrze\u0144, w kt\u00f3rej odkryjesz moc swojej kobieco\u015bci i nami\u0119tno\u015bci. Nauczysz si\u0119 otwiera\u0107 na w\u0142asn\u0105 seksualno\u015b\u0107 i pewno\u015b\u0107 siebie, dzi\u0119ki czemu nie tylko poczujesz si\u0119 pi\u0119kniejsza i bardziej spe\u0142niona, ale tak\u017ce staniesz si\u0119 magnesem dla swojego partnera lub otworzysz si\u0119 na nowe relacje.<\/p>\n<p><strong>Warsztat jest dla Ciebie, je\u015bli:<\/strong><\/p>\n<p data-start=\"292\" data-end=\"1423\">???? Brakuje Ci pasji i nami\u0119tno\u015bci w \u017cyciu.<br data-start=\"338\" data-end=\"341\" \/>???? Nie czerpiesz pe\u0142nej rado\u015bci ze swojej kobieco\u015bci \u2013 wszystko jest jakie\u015b szare, nijakie.<br data-start=\"436\" data-end=\"439\" \/>???? Masz wra\u017cenie, \u017ce Twoja relacja z partnerem \u2013 lub Twoje \u017cycie intymne \u2013 potrzebuj\u0105 zmian, \u015bwie\u017co\u015bci i nowego ognia.<br data-start=\"561\" data-end=\"564\" \/>???? Czujesz blokady w wyra\u017caniu swojej zmys\u0142owo\u015bci i nami\u0119tno\u015bci.<br data-start=\"632\" data-end=\"635\" \/>???? Nie potrafisz rozpali\u0107 ognia blisko\u015bci i po\u017c\u0105dania w relacji z ukochanym.<br data-start=\"715\" data-end=\"718\" \/>???? Czujesz si\u0119 zm\u0119czona, wypalona, pozbawiona energii.<br data-start=\"776\" data-end=\"779\" \/>???? T\u0119sknisz za pewno\u015bci\u0105 siebie, poczuciem atrakcyjno\u015bci i rado\u015bci\u0105 z bycia Kobiet\u0105.<br data-start=\"867\" data-end=\"870\" \/>???? W Twoim \u017cyciu nie pojawiaj\u0105 si\u0119 nowe mo\u017cliwo\u015bci \u2013 ani ciekawe znajomo\u015bci, ani pieni\u0105dze, ani m\u0119\u017cczy\u017ani.<br data-start=\"980\" data-end=\"983\" \/>???? Czujesz si\u0119 niewidzialna, jakby\u015b znikn\u0119\u0142a w t\u0142umie \u2013 jak \u201eszara myszka\u201d.<br data-start=\"1062\" data-end=\"1065\" \/>???? Brakuje Ci tego spojrzenia pe\u0142nego zachwytu, podziwu, nami\u0119tno\u015bci\u2026<br data-start=\"1138\" data-end=\"1141\" \/>???? Albo wr\u0119cz przeciwnie \u2013 Twoja seksualno\u015b\u0107 poch\u0142ania ca\u0142\u0105 energi\u0119, zostawiaj\u0105c Ci\u0119 wyczerpan\u0105 i pust\u0105.<br data-start=\"1249\" data-end=\"1252\" \/>???? Nie czujesz w sobie tw\u00f3rczo\u015bci, kreatywno\u015bci, lekko\u015bci dzia\u0142ania.<br data-start=\"1324\" data-end=\"1327\" \/>???? M\u0119\u017cczy\u017ani i znajomi nie garn\u0105 si\u0119 do sp\u0119dzania z Tob\u0105 czasu \u2013 a Ty nie wiesz, dlaczego&#8230;<\/p>\n<blockquote><p>Je\u015bli odpowiedzia\u0142a\u015b <strong>\u201eTAK\u201d<\/strong> cho\u0107by na jeden z tych punkt\u00f3w, to zapraszamy Ci\u0119, Droga Pani, na wyj\u0105tkowy dwudniowy warsztat rozwojowy pt. <strong>\u201e<\/strong><strong>OBUD\u0179 w sobie PASJ\u0118 I NAMI\u0118TNO\u015a\u0106 &#8211; stan Kochanka<\/strong><strong>\u201d,<\/strong> dzi\u0119ki kt\u00f3remu rozwiniesz sw\u00f3j magnetyzm, kreatywno\u015b\u0107 i seksapil, staj\u0105c si\u0119 kobiet\u0105, obok kt\u00f3rej nie mo\u017cna b\u0119dzie przej\u015b\u0107 oboj\u0119tnie.<\/p><\/blockquote>\n<p>&nbsp;<\/p>\n<p><strong>CO ZYSKASZ DZI\u0118KI UDZIA\u0141OWI W TYM TRANSFORMUJ\u0104CYM WARSZTACIE?:<\/strong><\/p>\n<ol>\n<li data-start=\"130\" data-end=\"281\">\n<p data-start=\"133\" data-end=\"281\">Przepracujesz i wzmocnisz swoj\u0105 nami\u0119tno\u015b\u0107 i pasj\u0119 \u2013 odkryjesz w sobie wewn\u0119trzny ogie\u0144, kt\u00f3ry na nowo rozbudzi Twoje \u017cycie intymne i emocjonalne.<\/p>\n<\/li>\n<li data-start=\"282\" data-end=\"428\">\n<p data-start=\"285\" data-end=\"428\">Obudzisz i zharmonizujesz sw\u00f3j stan (archetyp) kobiety \u2013 &#8222;Kochanka&#8221;, by w pe\u0142ni poczu\u0107 swoj\u0105 kobiec\u0105 moc, magnetyzm i naturaln\u0105 atrakcyjno\u015b\u0107.<\/p>\n<\/li>\n<li data-start=\"429\" data-end=\"567\">\n<p data-start=\"432\" data-end=\"567\">Nauczysz si\u0119 by\u0107 magnetyczna \u2013 kobiet\u0105, obok kt\u00f3rej nie mo\u017cna przej\u015b\u0107 oboj\u0119tnie, bo Twoja energia przyci\u0105ga, intryguje i hipnotyzuje.<\/p>\n<\/li>\n<li data-start=\"568\" data-end=\"679\">\n<p data-start=\"571\" data-end=\"679\">Przywr\u00f3cisz pe\u0142ni\u0119 uczu\u0107 i wra\u017ce\u0144 \u2013 zn\u00f3w zaczniesz cieszy\u0107 si\u0119 ka\u017cd\u0105 chwil\u0105 zmys\u0142owo, g\u0142\u0119boko i \u015bwiadomie.<\/p>\n<\/li>\n<li data-start=\"680\" data-end=\"795\">\n<p data-start=\"683\" data-end=\"795\">Pozb\u0119dziesz si\u0119 blokad, kt\u00f3re przeszkadzaj\u0105 Ci w czerpaniu rado\u015bci z blisko\u015bci i intymno\u015bci z Twoim ukochanym.<\/p>\n<\/li>\n<li data-start=\"796\" data-end=\"930\">\n<p data-start=\"799\" data-end=\"930\">Odkryjesz w sobie niesamowit\u0105 seksualno\u015b\u0107, pasj\u0119 i zmys\u0142owo\u015b\u0107 \u2013 wszystko, co czyni kobiet\u0119 pe\u0142n\u0105 \u017cycia, mocy i poci\u0105gaj\u0105cej si\u0142y.<\/p>\n<\/li>\n<li data-start=\"931\" data-end=\"1091\">\n<p data-start=\"934\" data-end=\"1091\">Poczujesz si\u0119 do\u015bwiadczon\u0105 kusicielk\u0105 \u2013 kobiet\u0105, przed kt\u00f3r\u0105 \u017caden m\u0119\u017cczyzna nie b\u0119dzie w stanie si\u0119 oprze\u0107, bo Twoja pewno\u015b\u0107 siebie stanie si\u0119 zjawiskowa.<\/p>\n<\/li>\n<li data-start=\"1092\" data-end=\"1213\">\n<p data-start=\"1095\" data-end=\"1213\">B\u0119dziesz mog\u0142a rozpali\u0107 ogie\u0144 pasji w zwi\u0105zku \u2013 nawet je\u015bli jeste\u015bcie razem wiele lat, nami\u0119tno\u015b\u0107 wr\u00f3ci z now\u0105 si\u0142\u0105.<\/p>\n<\/li>\n<li data-start=\"1214\" data-end=\"1346\">\n<p data-start=\"1217\" data-end=\"1346\">Dowiesz si\u0119 i nauczysz, jak nape\u0142nia\u0107 si\u0119 energi\u0105, pasj\u0105, odwag\u0105 i rado\u015bci\u0105 \u017cycia \u2013 by \u017cy\u0107 pe\u0142ni\u0105 kobiecej natury ka\u017cdego dnia.<\/p>\n<\/li>\n<li data-start=\"1347\" data-end=\"1482\">\n<p data-start=\"1351\" data-end=\"1482\">Poznasz praktyki energetyczne, kt\u00f3re pozwol\u0105 Ci g\u0142\u0119boko nape\u0142nia\u0107 si\u0119 seksualno\u015bci\u0105 i magnetyzmem \u2013 wewn\u0119trzn\u0105 si\u0142\u0105 przyci\u0105gania.<\/p>\n<\/li>\n<li data-start=\"1483\" data-end=\"1628\">\n<p data-start=\"1487\" data-end=\"1628\">Pog\u0142\u0119bisz swoj\u0105 intymno\u015b\u0107 w relacji \u2013 nie tylko fizyczn\u0105, ale te\u017c emocjonaln\u0105 i duchow\u0105, tworz\u0105c jeszcze silniejsze po\u0142\u0105czenie z partnerem.<\/p>\n<\/li>\n<li data-start=\"1629\" data-end=\"1765\">\n<p data-start=\"1633\" data-end=\"1765\">Wprowadzisz do swojego \u017cycia wi\u0119cej pasji i harmonii \u2013 zar\u00f3wno w zwi\u0105zku, jak i w codzienno\u015bci, odzyskuj\u0105c rado\u015b\u0107 z bycia kobiet\u0105.<\/p>\n<\/li>\n<li data-start=\"1766\" data-end=\"1874\">\n<p data-start=\"1770\" data-end=\"1874\">Poznasz sztuk\u0119 flirtu i uwodzenia \u2013 subteln\u0105, \u015bwiadom\u0105, pe\u0142n\u0105 mocy, kt\u00f3ra przynosi efekty bez wysi\u0142ku.<\/p>\n<\/li>\n<li data-start=\"1875\" data-end=\"2026\">\n<p data-start=\"1879\" data-end=\"2026\">Od tej chwili ka\u017cda intymna relacja z Twoim ukochanym b\u0119dzie niezapomniana \u2013 a on b\u0119dzie marzy\u0142 tylko o jednym: by zn\u00f3w spotka\u0107 si\u0119 w\u0142a\u015bnie z Tob\u0105.<\/p>\n<\/li>\n<\/ol>\n<blockquote><p><strong>Ten warsztat pozwoli Ci sta\u0107 si\u0119 wyj\u0105tkow\u0105, nami\u0119tn\u0105 i seksown\u0105, otworzysz sw\u00f3j kobiecy magnetyzm, nauczysz si\u0119 \u017cy\u0107 na fali przyjemno\u015bci, daj\u0105c i otrzymuj\u0105c j\u0105 w zamian!<\/strong><\/p><\/blockquote>\n<div class=\"\" data-block=\"true\" data-editor=\"cvirh\" data-offset-key=\"5445m-0-0\">\n<div class=\"_1mf _1mj\" data-offset-key=\"5445m-0-0\"><\/div>\n<\/div>\n<div class=\"\" data-block=\"true\" data-editor=\"cvirh\" data-offset-key=\"5m09t-0-0\">\n<div class=\"_1mf _1mj\" data-offset-key=\"5m09t-0-0\"><strong>WARSZTAT SK\u0141ADA SI\u0118 Z:<\/strong><\/div>\n<\/div>\n<div class=\"\" data-block=\"true\" data-editor=\"cvirh\" data-offset-key=\"fsqs1-0-0\">\n<ul>\n<li class=\"_1mf _1mj\" data-offset-key=\"fsqs1-0-0\"><span data-offset-key=\"fsqs1-0-0\">CZ\u0118\u015aCI TEORETYCZNEJ &#8211; poznasz tajniki kobiecej mocy.<\/span><\/li>\n<li class=\"_1mf _1mj\" data-offset-key=\"fsqs1-0-0\">\u0106WICZENIA, kt\u00f3re pomog\u0105 Ci uzyska\u0107 wgl\u0105d w sfer\u0119 Twego \u017cycia, dzi\u0119ki kt\u00f3rym dowiesz si\u0119 nad czym musisz popracowa\u0107 aby znacznie polepszy\u0107 jako\u015b\u0107 Twojego \u017cycia.<\/li>\n<li class=\"_1mf _1mj\" data-offset-key=\"fsqs1-0-0\">PRAKTYK ENERGETYCZNYCH, dzi\u0119ki kt\u00f3rym wejdziesz w stan Kochanka &#8211; stan PASJI I NAMI\u0118TNO\u015aCI<\/li>\n<li class=\"_1mf _1mj\" data-offset-key=\"fsqs1-0-0\">MEDYTACJI &#8211; diagnostycznych oraz na nape\u0142niaj\u0105cych Ci\u0119 kobiec\u0105 SEKSUALN\u0104 energi\u0105.<\/li>\n<li data-offset-key=\"fsqs1-0-0\">USTAWIE\u0143 &#8211; dzi\u0119ki nim zdiagnozujesz,\u00a0<strong>zsynchronizujesz i uzdrowisz swoj\u0105 kobieco\u015b\u0107, odzyskuj\u0105c dost\u0119p<\/strong>\u00a0do swojej wewn\u0119trznej si\u0142y, spokoju i magnetyzmu.<\/li>\n<\/ul>\n<\/div>\n<p>Kieruj swoj\u0105 energi\u0119 na samorozw\u00f3j! Po\u0142\u0105cz swoj\u0105 kobiec\u0105 moc dzi\u0119ki czterem stanom Kobiety, aby prze\u017cy\u0107 swoje \u017cycie z rado\u015bci\u0105, mi\u0142o\u015bci\u0105 i pasj\u0105!<\/p>\n<blockquote><p><strong>Podczas warsztatu poznasz tajniki wiedzy o kobiecej magicznej mocy, kt\u00f3re pozna\u0142am od najlepszych nauczycielek kobieco\u015bci na \u015awiecie. <\/strong>Warsztat bazuje na najlepszych osi\u0105gni\u0119ciach psychologii wsp\u00f3\u0142czesnej w po\u0142\u0105czeniu ze staro\u017cytn\u0105 wiedz\u0105 wedyjsk\u0105, filozofi\u0105 wschodni\u0105 i praktykami energetycznymi.<\/p><\/blockquote>\n<p>&#8211;<\/p>\n<p><strong>OPINIE o warsztacie <\/strong><\/p>\n<\/div>\n<p>https:\/\/www.youtube.com\/watch?v=-LHTOyO4Xk4<\/p>\n<div data-offset-key=\"4oo2g-0-0\"><\/div>\n<div class=\"\" data-block=\"true\" data-editor=\"aktoj\" data-offset-key=\"4oo2g-0-0\">\n<ul>\n<li data-offset-key=\"4oo2g-0-0\">O koncepcji <strong>&#8222;EKSKLUZYWNEJ AKADEMII KOBIECO\u015aCI Natalii Jefimowej&#8221; <a href=\"https:\/\/nataliajefimowa.pl\/szkola-bogin-koncepcja\/\">mo\u017cesz przeczyta\u0107 TU\u00a0<\/a><\/strong><\/li>\n<\/ul>\n<\/div>\n<div data-offset-key=\"4oo2g-0-0\"><\/div>\n<blockquote>\n<div data-offset-key=\"4oo2g-0-0\"><strong>? A JE\u015aLI chcesz<\/strong> pozna\u0107 jaki stan Kobiety masz najlepiej rozwini\u0119ty a nad kt\u00f3rym warto popracowa\u0107, to <a href=\"https:\/\/nataliajefimowa.pl\/4-stany-kobiety\/\"><strong>zr\u00f3b TEST<\/strong><\/a> i poznaj kim jeste\u015b &#8211; Kochank\u0105, Pani\u0105 Domu, Dziewczynk\u0105 czy Kr\u00f3low\u0105?<\/div>\n<\/blockquote>\n<p data-offset-key=\"4oo2g-0-0\">__<\/p>\n<div class=\"\" data-block=\"true\" data-editor=\"aktoj\" data-offset-key=\"4oo2g-0-0\">\n<p>&nbsp;<\/p>\n<h3><strong>INWESTYCJA <\/strong><strong>&#8211; MO\u017bLIWO\u015a\u0106 ZAKUPU na RATY\u00a0 0%<\/strong><\/h3>\n<p><strong>WARSZAWA\u2013 12-13 lipca 2025<\/strong><\/p>\n<ul>\n<li>przy wp\u0142acie ca\u0142o\u015bci kwoty do 6.07.2025\u2013 2775 z\u0142<\/li>\n<li>przy wp\u0142acie ca\u0142o\u015bci kwoty do 7-11.07.2025 \u2013 3475 z\u0142<\/li>\n<li>przy wp\u0142acie ca\u0142o\u015bci kwoty w dniu warsztatu \u2013 5550 z\u0142<\/li>\n<\/ul>\n<p><strong>-&gt; JEST MO\u017bLIWO\u015a\u0106 ZAKUPU NA RATY 0% <\/strong>&#8211; zg\u0142o\u015b sie na mail: info@nataliajefimowa.pl<\/p>\n<p>_<\/p>\n<p>CENA ZAWIERA:<\/p>\n<ul>\n<li>warsztat rozwojowy 2 dni (20 h)<\/li>\n<li>przerwy kawowe<\/li>\n<li>woda w butelkach<\/li>\n<li>materia\u0142y edukacyjne<\/li>\n<li>obs\u0142uga serwisowa<\/li>\n<\/ul>\n<p>CENA NIE ZAWIERA:<\/p>\n<ul>\n<li>Dojazd<\/li>\n<li>Pobyt<\/li>\n<li>Wy\u017cywienie<\/li>\n<\/ul>\n<p>HARMONOGRAM :<\/p>\n<div>\n<div>sobota- 10:00-20:00 + zapas 60 min<\/div>\n<div>niedziela \u2013 9:00-19:0 + zapas 60 min<\/div>\n<\/div>\n<p><strong><em>\u00a0Ilo\u015b\u0107 miejsc jest ograniczona, obowi\u0105zuje zasada kolejno\u015bci wp\u0142at.<\/em><\/strong><\/p>\n<p><strong>! uwaga! GWARANCJA<\/strong> rezerwacji miejsca\u00a0<strong> WY\u0141\u0104CZNIE PO ZAKSI\u0118GOWANIU OP\u0141ATY<\/strong> na koncie bankowym.<\/p>\n<p>_____<\/p>\n<p><strong>\u00a0PROMOCJA! <\/strong>Je\u015bli bra\u0142a\u015b udzia\u0142 w poprzedniej edycji warsztatu \u201eBOGINI OGNIA\u201d \u2013 to dla Ciebie przygotowali\u015bmy PREZENT \u2013 50 % RABATU!<\/p>\n<p>_<\/p>\n<p><strong>Pytania<\/strong> prosz\u0119 kierowa\u0107 na mail: info@nataliajefimowa.pl<\/p>\n<p>&nbsp;<\/p>\n<p>** Organizator zastrzega sobie prawo w sytuacji wyj\u0105tkowej na zmian\u0119 terminu i miejsca wydarzenia, o czym poinformuje pisemnie na maila podanego przy zakupie natychmiast kiedy zapadnie taka potrzeba zmiany.<\/p>\n<p>&nbsp;<\/p>\n<p>https:\/\/youtu.be\/wNh9hl441vE<\/p>\n<p>&nbsp;<\/p>\n<\/div>\n","protected":false},"featured_media":6950,"template":"","meta":{"_acf_changed":false},"product_brand":[],"product_cat":[46,1,54],"product_tag":[29,21,24,25,27,26,28,22,30,23],"class_list":{"0":"post-6951","1":"product","2":"type-product","3":"status-publish","4":"has-post-thumbnail","6":"product_cat-akademia-kobiecosci","7":"product_cat-szkola-bogin","8":"product_cat-webinar","9":"product_tag-archetyp-kochanki","10":"product_tag-bogini-ognia","11":"product_tag-energia-seksualna","12":"product_tag-energia-tworcza","13":"product_tag-kobieca-zmyslowosc","14":"product_tag-pasja-i-namietnosc","15":"product_tag-rozwoj-osobisty-kobiet","16":"product_tag-stan-kochanka","17":"product_tag-warsztat-kobiecosci","18":"product_tag-warsztat-rozwojowy-dla-kobiet","20":"first","21":"outofstock","22":"virtual","23":"sold-individually","24":"taxable","25":"purchasable","26":"product-type-simple"},"acf":[],"yoast_head":"<!-- This site is optimized with the Yoast SEO plugin v27.4 - https:\/\/yoast.com\/product\/yoast-seo-wordpress\/ -->\n<title>warsztat rozwojowy 12-13.07.2025 Warszawa - Akademia Kobieco\u015bci<\/title>\n<meta name=\"description\" content=\"Do\u0142\u0105cz do warsztatu &#039;Bogini Ognia \u2013 stan Kochanka&#039; 1-2 marca 2025 w Sopocie. Odkryj swoj\u0105 energi\u0119 seksualn\u0105 i tw\u00f3rcz\u0105, wzmocnij pasj\u0119 i nami\u0119tno\u015b\u0107 w \u017cyciu. Zapisz si\u0119 ju\u017c dzi\u015b i poczuj si\u0119 atrakcyjna oraz pe\u0142na \u017cycia!\" \/>\n<meta name=\"robots\" content=\"index, follow, max-snippet:-1, max-image-preview:large, max-video-preview:-1\" \/>\n<link rel=\"canonical\" href=\"https:\/\/nataliajefimowa.pl\/s1\/produkt\/pasja-namietnosc2025\/\" \/>\n<meta property=\"og:locale\" content=\"pl_PL\" \/>\n<meta property=\"og:type\" content=\"article\" \/>\n<meta property=\"og:title\" content=\"warsztat rozwojowy 12-13.07.2025 Warszawa - Akademia Kobieco\u015bci\" \/>\n<meta property=\"og:description\" content=\"Do\u0142\u0105cz do warsztatu &#039;Bogini Ognia \u2013 stan Kochanka&#039; 1-2 marca 2025 w Sopocie. Odkryj swoj\u0105 energi\u0119 seksualn\u0105 i tw\u00f3rcz\u0105, wzmocnij pasj\u0119 i nami\u0119tno\u015b\u0107 w \u017cyciu. Zapisz si\u0119 ju\u017c dzi\u015b i poczuj si\u0119 atrakcyjna oraz pe\u0142na \u017cycia!\" \/>\n<meta property=\"og:url\" content=\"https:\/\/nataliajefimowa.pl\/s1\/produkt\/pasja-namietnosc2025\/\" \/>\n<meta property=\"og:site_name\" content=\"Akademia Kobieco\u015bci\" \/>\n<meta property=\"article:modified_time\" content=\"2025-07-17T15:51:05+00:00\" \/>\n<meta property=\"og:image\" content=\"http:\/\/nataliajefimowa.pl\/s1\/wp-content\/uploads\/sites\/2\/2024\/09\/6.png\" \/>\n\t<meta property=\"og:image:width\" content=\"940\" \/>\n\t<meta property=\"og:image:height\" content=\"788\" \/>\n\t<meta property=\"og:image:type\" content=\"image\/png\" \/>\n<meta name=\"twitter:card\" content=\"summary_large_image\" \/>\n<meta name=\"twitter:label1\" content=\"Szacowany czas czytania\" \/>\n\t<meta name=\"twitter:data1\" content=\"1 minuta\" \/>\n<script type=\"application\/ld+json\" class=\"yoast-schema-graph\">{\"@context\":\"https:\\\/\\\/schema.org\",\"@graph\":[{\"@type\":\"WebPage\",\"@id\":\"https:\\\/\\\/nataliajefimowa.pl\\\/s1\\\/produkt\\\/pasja-namietnosc2025\\\/\",\"url\":\"https:\\\/\\\/nataliajefimowa.pl\\\/s1\\\/produkt\\\/pasja-namietnosc2025\\\/\",\"name\":\"warsztat rozwojowy 12-13.07.2025 Warszawa - Akademia Kobieco\u015bci\",\"isPartOf\":{\"@id\":\"https:\\\/\\\/nataliajefimowa.pl\\\/s1\\\/#website\"},\"primaryImageOfPage\":{\"@id\":\"https:\\\/\\\/nataliajefimowa.pl\\\/s1\\\/produkt\\\/pasja-namietnosc2025\\\/#primaryimage\"},\"image\":{\"@id\":\"https:\\\/\\\/nataliajefimowa.pl\\\/s1\\\/produkt\\\/pasja-namietnosc2025\\\/#primaryimage\"},\"thumbnailUrl\":\"https:\\\/\\\/nataliajefimowa.pl\\\/s1\\\/wp-content\\\/uploads\\\/sites\\\/2\\\/2024\\\/09\\\/6.png\",\"datePublished\":\"2025-03-04T11:57:15+00:00\",\"dateModified\":\"2025-07-17T15:51:05+00:00\",\"description\":\"Do\u0142\u0105cz do warsztatu 'Bogini Ognia \u2013 stan Kochanka' 1-2 marca 2025 w Sopocie. Odkryj swoj\u0105 energi\u0119 seksualn\u0105 i tw\u00f3rcz\u0105, wzmocnij pasj\u0119 i nami\u0119tno\u015b\u0107 w \u017cyciu. Zapisz si\u0119 ju\u017c dzi\u015b i poczuj si\u0119 atrakcyjna oraz pe\u0142na \u017cycia!\",\"breadcrumb\":{\"@id\":\"https:\\\/\\\/nataliajefimowa.pl\\\/s1\\\/produkt\\\/pasja-namietnosc2025\\\/#breadcrumb\"},\"inLanguage\":\"pl-PL\",\"potentialAction\":[{\"@type\":\"ReadAction\",\"target\":[\"https:\\\/\\\/nataliajefimowa.pl\\\/s1\\\/produkt\\\/pasja-namietnosc2025\\\/\"]}]},{\"@type\":\"ImageObject\",\"inLanguage\":\"pl-PL\",\"@id\":\"https:\\\/\\\/nataliajefimowa.pl\\\/s1\\\/produkt\\\/pasja-namietnosc2025\\\/#primaryimage\",\"url\":\"https:\\\/\\\/nataliajefimowa.pl\\\/s1\\\/wp-content\\\/uploads\\\/sites\\\/2\\\/2024\\\/09\\\/6.png\",\"contentUrl\":\"https:\\\/\\\/nataliajefimowa.pl\\\/s1\\\/wp-content\\\/uploads\\\/sites\\\/2\\\/2024\\\/09\\\/6.png\",\"width\":940,\"height\":788},{\"@type\":\"BreadcrumbList\",\"@id\":\"https:\\\/\\\/nataliajefimowa.pl\\\/s1\\\/produkt\\\/pasja-namietnosc2025\\\/#breadcrumb\",\"itemListElement\":[{\"@type\":\"ListItem\",\"position\":1,\"name\":\"Strona g\u0142\u00f3wna\",\"item\":\"https:\\\/\\\/nataliajefimowa.pl\\\/s1\\\/\"},{\"@type\":\"ListItem\",\"position\":2,\"name\":\"Produkty\",\"item\":\"https:\\\/\\\/nataliajefimowa.pl\\\/s1\\\/shop\\\/\"},{\"@type\":\"ListItem\",\"position\":3,\"name\":\"warsztat rozwojowy 12-13.07.2025 Warszawa\"}]},{\"@type\":\"WebSite\",\"@id\":\"https:\\\/\\\/nataliajefimowa.pl\\\/s1\\\/#website\",\"url\":\"https:\\\/\\\/nataliajefimowa.pl\\\/s1\\\/\",\"name\":\"Akademia Kobieco\u015bci\",\"description\":\"\",\"potentialAction\":[{\"@type\":\"SearchAction\",\"target\":{\"@type\":\"EntryPoint\",\"urlTemplate\":\"https:\\\/\\\/nataliajefimowa.pl\\\/s1\\\/?s={search_term_string}\"},\"query-input\":{\"@type\":\"PropertyValueSpecification\",\"valueRequired\":true,\"valueName\":\"search_term_string\"}}],\"inLanguage\":\"pl-PL\"}]}<\/script>\n<!-- \/ Yoast SEO plugin. -->","yoast_head_json":{"title":"warsztat rozwojowy 12-13.07.2025 Warszawa - Akademia Kobieco\u015bci","description":"Do\u0142\u0105cz do warsztatu 'Bogini Ognia \u2013 stan Kochanka' 1-2 marca 2025 w Sopocie. Odkryj swoj\u0105 energi\u0119 seksualn\u0105 i tw\u00f3rcz\u0105, wzmocnij pasj\u0119 i nami\u0119tno\u015b\u0107 w \u017cyciu. Zapisz si\u0119 ju\u017c dzi\u015b i poczuj si\u0119 atrakcyjna oraz pe\u0142na \u017cycia!","robots":{"index":"index","follow":"follow","max-snippet":"max-snippet:-1","max-image-preview":"max-image-preview:large","max-video-preview":"max-video-preview:-1"},"canonical":"https:\/\/nataliajefimowa.pl\/s1\/produkt\/pasja-namietnosc2025\/","og_locale":"pl_PL","og_type":"article","og_title":"warsztat rozwojowy 12-13.07.2025 Warszawa - Akademia Kobieco\u015bci","og_description":"Do\u0142\u0105cz do warsztatu 'Bogini Ognia \u2013 stan Kochanka' 1-2 marca 2025 w Sopocie. Odkryj swoj\u0105 energi\u0119 seksualn\u0105 i tw\u00f3rcz\u0105, wzmocnij pasj\u0119 i nami\u0119tno\u015b\u0107 w \u017cyciu. Zapisz si\u0119 ju\u017c dzi\u015b i poczuj si\u0119 atrakcyjna oraz pe\u0142na \u017cycia!","og_url":"https:\/\/nataliajefimowa.pl\/s1\/produkt\/pasja-namietnosc2025\/","og_site_name":"Akademia Kobieco\u015bci","article_modified_time":"2025-07-17T15:51:05+00:00","og_image":[{"width":940,"height":788,"url":"http:\/\/nataliajefimowa.pl\/s1\/wp-content\/uploads\/sites\/2\/2024\/09\/6.png","type":"image\/png"}],"twitter_card":"summary_large_image","twitter_misc":{"Szacowany czas czytania":"1 minuta"},"schema":{"@context":"https:\/\/schema.org","@graph":[{"@type":"WebPage","@id":"https:\/\/nataliajefimowa.pl\/s1\/produkt\/pasja-namietnosc2025\/","url":"https:\/\/nataliajefimowa.pl\/s1\/produkt\/pasja-namietnosc2025\/","name":"warsztat rozwojowy 12-13.07.2025 Warszawa - Akademia Kobieco\u015bci","isPartOf":{"@id":"https:\/\/nataliajefimowa.pl\/s1\/#website"},"primaryImageOfPage":{"@id":"https:\/\/nataliajefimowa.pl\/s1\/produkt\/pasja-namietnosc2025\/#primaryimage"},"image":{"@id":"https:\/\/nataliajefimowa.pl\/s1\/produkt\/pasja-namietnosc2025\/#primaryimage"},"thumbnailUrl":"https:\/\/nataliajefimowa.pl\/s1\/wp-content\/uploads\/sites\/2\/2024\/09\/6.png","datePublished":"2025-03-04T11:57:15+00:00","dateModified":"2025-07-17T15:51:05+00:00","description":"Do\u0142\u0105cz do warsztatu 'Bogini Ognia \u2013 stan Kochanka' 1-2 marca 2025 w Sopocie. Odkryj swoj\u0105 energi\u0119 seksualn\u0105 i tw\u00f3rcz\u0105, wzmocnij pasj\u0119 i nami\u0119tno\u015b\u0107 w \u017cyciu. Zapisz si\u0119 ju\u017c dzi\u015b i poczuj si\u0119 atrakcyjna oraz pe\u0142na \u017cycia!","breadcrumb":{"@id":"https:\/\/nataliajefimowa.pl\/s1\/produkt\/pasja-namietnosc2025\/#breadcrumb"},"inLanguage":"pl-PL","potentialAction":[{"@type":"ReadAction","target":["https:\/\/nataliajefimowa.pl\/s1\/produkt\/pasja-namietnosc2025\/"]}]},{"@type":"ImageObject","inLanguage":"pl-PL","@id":"https:\/\/nataliajefimowa.pl\/s1\/produkt\/pasja-namietnosc2025\/#primaryimage","url":"https:\/\/nataliajefimowa.pl\/s1\/wp-content\/uploads\/sites\/2\/2024\/09\/6.png","contentUrl":"https:\/\/nataliajefimowa.pl\/s1\/wp-content\/uploads\/sites\/2\/2024\/09\/6.png","width":940,"height":788},{"@type":"BreadcrumbList","@id":"https:\/\/nataliajefimowa.pl\/s1\/produkt\/pasja-namietnosc2025\/#breadcrumb","itemListElement":[{"@type":"ListItem","position":1,"name":"Strona g\u0142\u00f3wna","item":"https:\/\/nataliajefimowa.pl\/s1\/"},{"@type":"ListItem","position":2,"name":"Produkty","item":"https:\/\/nataliajefimowa.pl\/s1\/shop\/"},{"@type":"ListItem","position":3,"name":"warsztat rozwojowy 12-13.07.2025 Warszawa"}]},{"@type":"WebSite","@id":"https:\/\/nataliajefimowa.pl\/s1\/#website","url":"https:\/\/nataliajefimowa.pl\/s1\/","name":"Akademia Kobieco\u015bci","description":"","potentialAction":[{"@type":"SearchAction","target":{"@type":"EntryPoint","urlTemplate":"https:\/\/nataliajefimowa.pl\/s1\/?s={search_term_string}"},"query-input":{"@type":"PropertyValueSpecification","valueRequired":true,"valueName":"search_term_string"}}],"inLanguage":"pl-PL"}]}},"_links":{"self":[{"href":"https:\/\/nataliajefimowa.pl\/s1\/wp-json\/wp\/v2\/product\/6951","targetHints":{"allow":["GET"]}}],"collection":[{"href":"https:\/\/nataliajefimowa.pl\/s1\/wp-json\/wp\/v2\/product"}],"about":[{"href":"https:\/\/nataliajefimowa.pl\/s1\/wp-json\/wp\/v2\/types\/product"}],"wp:featuredmedia":[{"embeddable":true,"href":"https:\/\/nataliajefimowa.pl\/s1\/wp-json\/wp\/v2\/media\/6950"}],"wp:attachment":[{"href":"https:\/\/nataliajefimowa.pl\/s1\/wp-json\/wp\/v2\/media?parent=6951"}],"wp:term":[{"taxonomy":"product_brand","embeddable":true,"href":"https:\/\/nataliajefimowa.pl\/s1\/wp-json\/wp\/v2\/product_brand?post=6951"},{"taxonomy":"product_cat","embeddable":true,"href":"https:\/\/nataliajefimowa.pl\/s1\/wp-json\/wp\/v2\/product_cat?post=6951"},{"taxonomy":"product_tag","embeddable":true,"href":"https:\/\/nataliajefimowa.pl\/s1\/wp-json\/wp\/v2\/product_tag?post=6951"}],"curies":[{"name":"wp","href":"https:\/\/api.w.org\/{rel}","templated":true}]}}