{"id":5558,"date":"2025-03-21T13:01:15","date_gmt":"2025-03-21T12:01:15","guid":{"rendered":"https:\/\/nataliajefimowa.pl\/uk\/?page_id=5558"},"modified":"2025-03-22T00:29:13","modified_gmt":"2025-03-21T23:29:13","slug":"home","status":"publish","type":"page","link":"https:\/\/nataliajefimowa.pl\/s2\/","title":{"rendered":"Home"},"content":{"rendered":"<div class=\"wpb-content-wrapper\">[vc_row][vc_column][vc_empty_space][\/vc_column][\/vc_row][vc_row][vc_column]<div class=\"woocommerce columns-3 \"><ul class=\"products columns-3\">\n<li class=\"product type-product post-5888 status-publish first instock product_cat-warsztaty-vip has-post-thumbnail taxable shipping-taxable purchasable product-type-variable\">\n\t<div class=\"mk-product-warp\"><a href=\"https:\/\/nataliajefimowa.pl\/s2\/produkt\/tajemnicekaplanet2025\/\" class=\"woocommerce-LoopProduct-link woocommerce-loop-product__link\">\t<div class=\"mk-product-thumbnail-warp 89632\">\n\t<img loading=\"lazy\" decoding=\"async\" width=\"300\" height=\"300\" src=\"https:\/\/nataliajefimowa.pl\/s2\/wp-content\/uploads\/sites\/3\/2025\/03\/kwadrat-sopot-vip-kaplanki-300x300.png\" class=\"attachment-woocommerce_thumbnail size-woocommerce_thumbnail\" alt=\"warsztat rozwojowy\" srcset=\"https:\/\/nataliajefimowa.pl\/s2\/wp-content\/uploads\/sites\/3\/2025\/03\/kwadrat-sopot-vip-kaplanki-300x300.png 300w, https:\/\/nataliajefimowa.pl\/s2\/wp-content\/uploads\/sites\/3\/2025\/03\/kwadrat-sopot-vip-kaplanki-1024x1024.png 1024w, https:\/\/nataliajefimowa.pl\/s2\/wp-content\/uploads\/sites\/3\/2025\/03\/kwadrat-sopot-vip-kaplanki-150x150.png 150w, https:\/\/nataliajefimowa.pl\/s2\/wp-content\/uploads\/sites\/3\/2025\/03\/kwadrat-sopot-vip-kaplanki-768x768.png 768w, https:\/\/nataliajefimowa.pl\/s2\/wp-content\/uploads\/sites\/3\/2025\/03\/kwadrat-sopot-vip-kaplanki-600x600.png 600w, https:\/\/nataliajefimowa.pl\/s2\/wp-content\/uploads\/sites\/3\/2025\/03\/kwadrat-sopot-vip-kaplanki-100x100.png 100w, https:\/\/nataliajefimowa.pl\/s2\/wp-content\/uploads\/sites\/3\/2025\/03\/kwadrat-sopot-vip-kaplanki-266x266.png 266w, https:\/\/nataliajefimowa.pl\/s2\/wp-content\/uploads\/sites\/3\/2025\/03\/kwadrat-sopot-vip-kaplanki-32x32.png 32w, https:\/\/nataliajefimowa.pl\/s2\/wp-content\/uploads\/sites\/3\/2025\/03\/kwadrat-sopot-vip-kaplanki.png 1080w\" sizes=\"auto, (max-width: 300px) 100vw, 300px\" itemprop=\"image\" \/>\t<\/div>\n\t<h2 class=\"woocommerce-loop-product__title\">warsztat rozwojowy<\/h2>\n\t<span class=\"price\"><span class=\"woocommerce-Price-amount amount\"><bdi>7500,00&nbsp;<span class=\"woocommerce-Price-currencySymbol\">&#122;&#322;<\/span><\/bdi><\/span><\/span>\n<\/a><a rel=\"nofollow\" href=\"https:\/\/nataliajefimowa.pl\/s2\/produkt\/tajemnicekaplanet2025\/\" data-quantity=\"1\" data-product_id=\"5888\" data-product_sku=\"\" class=\"button product_type_variable add_to_cart_button\" data-product_id=\"5888\" data-product_sku=\"\" aria-label=\"Wybierz opcje dla &bdquo;warsztat rozwojowy&rdquo;\" rel=\"nofollow\"><svg  class=\"mk-svg-icon\" data-name=\"mk-moon-cart-plus\" data-cacheid=\"icon-69e3d77e7c7a2\" style=\" height:12px; width: 12px; \"  xmlns=\"http:\/\/www.w3.org\/2000\/svg\" viewBox=\"0 0 512 512\"><path d=\"M416 96h-272c-16.138 0-29.751 12.018-31.753 28.031l-28.496 227.969h-51.751c-17.673 0-32 14.327-32 32s14.327 32 32 32h80c16.138 0 29.751-12.017 31.753-28.031l28.496-227.969h219.613l57.369 200.791c4.854 16.993 22.567 26.832 39.56 21.978 16.993-4.855 26.833-22.567 21.978-39.56l-64-224c-3.925-13.737-16.482-23.209-30.769-23.209zm-288-80a48 48 2700 1 0 96 0 48 48 2700 1 0-96 0zm192 0a48 48 2700 1 0 96 0 48 48 2700 1 0-96 0zm64 240h-64v-64h-64v64h-64v64h64v64h64v-64h64z\" transform=\"scale(1 -1) translate(0 -480)\"\/><\/svg><span class=\"button-text\">Wybierz opcje<\/span><\/a><\/div><\/li>\n<li class=\"product type-product post-5941 status-publish instock product_cat-warsztaty-vip has-post-thumbnail taxable shipping-taxable product-type-simple\">\n\t<div class=\"mk-product-warp\"><a href=\"https:\/\/nataliajefimowa.pl\/s2\/produkt\/kobietamilion2026\/\" class=\"woocommerce-LoopProduct-link woocommerce-loop-product__link\">\t<div class=\"mk-product-thumbnail-warp 89632\">\n\t<img loading=\"lazy\" decoding=\"async\" width=\"300\" height=\"300\" src=\"https:\/\/nataliajefimowa.pl\/s2\/wp-content\/uploads\/sites\/3\/2025\/08\/whatsapp-image-2025-08-07-at-11.32.11-300x300.jpeg\" class=\"attachment-woocommerce_thumbnail size-woocommerce_thumbnail\" alt=\"warsztat rozwojowy\" srcset=\"https:\/\/nataliajefimowa.pl\/s2\/wp-content\/uploads\/sites\/3\/2025\/08\/whatsapp-image-2025-08-07-at-11.32.11-300x300.jpeg 300w, https:\/\/nataliajefimowa.pl\/s2\/wp-content\/uploads\/sites\/3\/2025\/08\/whatsapp-image-2025-08-07-at-11.32.11-1024x1024.jpeg 1024w, https:\/\/nataliajefimowa.pl\/s2\/wp-content\/uploads\/sites\/3\/2025\/08\/whatsapp-image-2025-08-07-at-11.32.11-150x150.jpeg 150w, https:\/\/nataliajefimowa.pl\/s2\/wp-content\/uploads\/sites\/3\/2025\/08\/whatsapp-image-2025-08-07-at-11.32.11-768x768.jpeg 768w, https:\/\/nataliajefimowa.pl\/s2\/wp-content\/uploads\/sites\/3\/2025\/08\/whatsapp-image-2025-08-07-at-11.32.11-600x600.jpeg 600w, https:\/\/nataliajefimowa.pl\/s2\/wp-content\/uploads\/sites\/3\/2025\/08\/whatsapp-image-2025-08-07-at-11.32.11-100x100.jpeg 100w, https:\/\/nataliajefimowa.pl\/s2\/wp-content\/uploads\/sites\/3\/2025\/08\/whatsapp-image-2025-08-07-at-11.32.11-266x266.jpeg 266w, https:\/\/nataliajefimowa.pl\/s2\/wp-content\/uploads\/sites\/3\/2025\/08\/whatsapp-image-2025-08-07-at-11.32.11.jpeg 1080w\" sizes=\"auto, (max-width: 300px) 100vw, 300px\" itemprop=\"image\" \/>\t<\/div>\n\t<h2 class=\"woocommerce-loop-product__title\">warsztat rozwojowy<\/h2>\n<\/a><a rel=\"nofollow\" href=\"https:\/\/nataliajefimowa.pl\/s2\/produkt\/kobietamilion2026\/\" data-quantity=\"1\" data-product_id=\"5941\" data-product_sku=\"\" class=\"button product_type_simple\" data-product_id=\"5941\" data-product_sku=\"\" aria-label=\"Przeczytaj wi\u0119cej o &bdquo;warsztat rozwojowy&rdquo;\" rel=\"nofollow\" data-success_message=\"\"><svg  class=\"mk-svg-icon\" data-name=\"mk-moon-search-3\" data-cacheid=\"icon-69e3d77e7d84c\" style=\" height:12px; width: 12px; \"  xmlns=\"http:\/\/www.w3.org\/2000\/svg\" viewBox=\"0 0 512 512\"><path d=\"M496.131 435.698l-121.276-103.147c-12.537-11.283-25.945-16.463-36.776-15.963 28.628-33.534 45.921-77.039 45.921-124.588 0-106.039-85.961-192-192-192-106.038 0-192 85.961-192 192s85.961 192 192 192c47.549 0 91.054-17.293 124.588-45.922-.5 10.831 4.68 24.239 15.963 36.776l103.147 121.276c17.661 19.623 46.511 21.277 64.11 3.678s15.946-46.449-3.677-64.11zm-304.131-115.698c-70.692 0-128-57.308-128-128s57.308-128 128-128 128 57.308 128 128-57.307 128-128 128z\"\/><\/svg><span class=\"button-text\">Dowiedz si\u0119 wi\u0119cej<\/span><\/a><\/div><\/li>\n<li class=\"product type-product post-5882 status-publish last instock product_cat-warsztaty-vip has-post-thumbnail taxable shipping-taxable purchasable product-type-variable\">\n\t<div class=\"mk-product-warp\"><a href=\"https:\/\/nataliajefimowa.pl\/s2\/produkt\/kodbogactwa2025\/\" class=\"woocommerce-LoopProduct-link woocommerce-loop-product__link\">\t<div class=\"mk-product-thumbnail-warp 89632\">\n\t<img loading=\"lazy\" decoding=\"async\" width=\"300\" height=\"300\" src=\"https:\/\/nataliajefimowa.pl\/s2\/wp-content\/uploads\/sites\/3\/2025\/03\/kwadrat-kod-bogactwa-gdynia-300x300.png\" class=\"attachment-woocommerce_thumbnail size-woocommerce_thumbnail\" alt=\"warsztat rozwojowy 10-12.10.2025 GDYNIA\" srcset=\"https:\/\/nataliajefimowa.pl\/s2\/wp-content\/uploads\/sites\/3\/2025\/03\/kwadrat-kod-bogactwa-gdynia-300x300.png 300w, https:\/\/nataliajefimowa.pl\/s2\/wp-content\/uploads\/sites\/3\/2025\/03\/kwadrat-kod-bogactwa-gdynia-1024x1024.png 1024w, https:\/\/nataliajefimowa.pl\/s2\/wp-content\/uploads\/sites\/3\/2025\/03\/kwadrat-kod-bogactwa-gdynia-150x150.png 150w, https:\/\/nataliajefimowa.pl\/s2\/wp-content\/uploads\/sites\/3\/2025\/03\/kwadrat-kod-bogactwa-gdynia-768x768.png 768w, https:\/\/nataliajefimowa.pl\/s2\/wp-content\/uploads\/sites\/3\/2025\/03\/kwadrat-kod-bogactwa-gdynia-600x600.png 600w, https:\/\/nataliajefimowa.pl\/s2\/wp-content\/uploads\/sites\/3\/2025\/03\/kwadrat-kod-bogactwa-gdynia-100x100.png 100w, https:\/\/nataliajefimowa.pl\/s2\/wp-content\/uploads\/sites\/3\/2025\/03\/kwadrat-kod-bogactwa-gdynia-266x266.png 266w, https:\/\/nataliajefimowa.pl\/s2\/wp-content\/uploads\/sites\/3\/2025\/03\/kwadrat-kod-bogactwa-gdynia-32x32.png 32w, https:\/\/nataliajefimowa.pl\/s2\/wp-content\/uploads\/sites\/3\/2025\/03\/kwadrat-kod-bogactwa-gdynia.png 1080w\" sizes=\"auto, (max-width: 300px) 100vw, 300px\" itemprop=\"image\" \/>\t<\/div>\n\t<h2 class=\"woocommerce-loop-product__title\">warsztat rozwojowy 10-12.10.2025 GDYNIA<\/h2>\n\t<span class=\"price\"><span class=\"woocommerce-Price-amount amount\"><bdi>8888,30&nbsp;<span class=\"woocommerce-Price-currencySymbol\">&#122;&#322;<\/span><\/bdi><\/span><\/span>\n<\/a><a rel=\"nofollow\" href=\"https:\/\/nataliajefimowa.pl\/s2\/produkt\/kodbogactwa2025\/\" data-quantity=\"1\" data-product_id=\"5882\" data-product_sku=\"\" class=\"button product_type_variable add_to_cart_button\" data-product_id=\"5882\" data-product_sku=\"\" aria-label=\"Wybierz opcje dla &bdquo;warsztat rozwojowy 10-12.10.2025 GDYNIA&rdquo;\" rel=\"nofollow\"><svg  class=\"mk-svg-icon\" data-name=\"mk-moon-cart-plus\" data-cacheid=\"icon-69e3d77e7e87a\" style=\" height:12px; width: 12px; \"  xmlns=\"http:\/\/www.w3.org\/2000\/svg\" viewBox=\"0 0 512 512\"><path d=\"M416 96h-272c-16.138 0-29.751 12.018-31.753 28.031l-28.496 227.969h-51.751c-17.673 0-32 14.327-32 32s14.327 32 32 32h80c16.138 0 29.751-12.017 31.753-28.031l28.496-227.969h219.613l57.369 200.791c4.854 16.993 22.567 26.832 39.56 21.978 16.993-4.855 26.833-22.567 21.978-39.56l-64-224c-3.925-13.737-16.482-23.209-30.769-23.209zm-288-80a48 48 2700 1 0 96 0 48 48 2700 1 0-96 0zm192 0a48 48 2700 1 0 96 0 48 48 2700 1 0-96 0zm64 240h-64v-64h-64v64h-64v64h64v64h64v-64h64z\" transform=\"scale(1 -1) translate(0 -480)\"\/><\/svg><span class=\"button-text\">Wybierz opcje<\/span><\/a><\/div><\/li>\n<li class=\"product type-product post-5885 status-publish first outofstock product_cat-warsztaty-vip product_tag-budowanie-udanych-relacji product_tag-harmonijne-zwiazki product_tag-mentalne-blokady-w-relacjach product_tag-relacje-naprawde-tego-chce product_tag-rozwoj-osobisty-kobiet product_tag-szczesliwe-zycie-uczuciowe product_tag-techniki-wzbudzania-zakochania product_tag-warsztat-kobiecosci product_tag-warsztat-rozwojowy-dla-kobiet product_tag-znalezienie-odpowiedniego-partnera has-post-thumbnail virtual taxable product-type-simple\">\n\t<div class=\"mk-product-warp\"><a href=\"https:\/\/nataliajefimowa.pl\/s2\/produkt\/relacje2026\/\" class=\"woocommerce-LoopProduct-link woocommerce-loop-product__link\">\t<div class=\"mk-product-thumbnail-warp 89632\">\n\t<img loading=\"lazy\" decoding=\"async\" width=\"300\" height=\"300\" src=\"https:\/\/nataliajefimowa.pl\/s2\/wp-content\/uploads\/sites\/3\/2025\/03\/whatsapp-image-2025-08-07-at-11.52.20-300x300.jpeg\" class=\"attachment-woocommerce_thumbnail size-woocommerce_thumbnail\" alt=\"warsztat rozwojowy\" srcset=\"https:\/\/nataliajefimowa.pl\/s2\/wp-content\/uploads\/sites\/3\/2025\/03\/whatsapp-image-2025-08-07-at-11.52.20-300x300.jpeg 300w, https:\/\/nataliajefimowa.pl\/s2\/wp-content\/uploads\/sites\/3\/2025\/03\/whatsapp-image-2025-08-07-at-11.52.20-1024x1024.jpeg 1024w, https:\/\/nataliajefimowa.pl\/s2\/wp-content\/uploads\/sites\/3\/2025\/03\/whatsapp-image-2025-08-07-at-11.52.20-150x150.jpeg 150w, https:\/\/nataliajefimowa.pl\/s2\/wp-content\/uploads\/sites\/3\/2025\/03\/whatsapp-image-2025-08-07-at-11.52.20-768x768.jpeg 768w, https:\/\/nataliajefimowa.pl\/s2\/wp-content\/uploads\/sites\/3\/2025\/03\/whatsapp-image-2025-08-07-at-11.52.20-600x600.jpeg 600w, https:\/\/nataliajefimowa.pl\/s2\/wp-content\/uploads\/sites\/3\/2025\/03\/whatsapp-image-2025-08-07-at-11.52.20-100x100.jpeg 100w, https:\/\/nataliajefimowa.pl\/s2\/wp-content\/uploads\/sites\/3\/2025\/03\/whatsapp-image-2025-08-07-at-11.52.20-266x266.jpeg 266w, https:\/\/nataliajefimowa.pl\/s2\/wp-content\/uploads\/sites\/3\/2025\/03\/whatsapp-image-2025-08-07-at-11.52.20.jpeg 1080w\" sizes=\"auto, (max-width: 300px) 100vw, 300px\" itemprop=\"image\" \/>\t<\/div>\n\t<h2 class=\"woocommerce-loop-product__title\">warsztat rozwojowy<\/h2><span class=\"mk-out-of-stock\">Niedost\u0119pne <\/span>\n<\/a><a rel=\"nofollow\" href=\"https:\/\/nataliajefimowa.pl\/s2\/produkt\/relacje2026\/\" data-quantity=\"1\" data-product_id=\"5885\" data-product_sku=\"\" class=\"button product_type_simple\" data-product_id=\"5885\" data-product_sku=\"\" aria-label=\"Przeczytaj wi\u0119cej o &bdquo;warsztat rozwojowy&rdquo;\" rel=\"nofollow\" data-success_message=\"\"><svg  class=\"mk-svg-icon\" data-name=\"mk-moon-search-3\" data-cacheid=\"icon-69e3d77e7f61e\" style=\" height:12px; width: 12px; \"  xmlns=\"http:\/\/www.w3.org\/2000\/svg\" viewBox=\"0 0 512 512\"><path d=\"M496.131 435.698l-121.276-103.147c-12.537-11.283-25.945-16.463-36.776-15.963 28.628-33.534 45.921-77.039 45.921-124.588 0-106.039-85.961-192-192-192-106.038 0-192 85.961-192 192s85.961 192 192 192c47.549 0 91.054-17.293 124.588-45.922-.5 10.831 4.68 24.239 15.963 36.776l103.147 121.276c17.661 19.623 46.511 21.277 64.11 3.678s15.946-46.449-3.677-64.11zm-304.131-115.698c-70.692 0-128-57.308-128-128s57.308-128 128-128 128 57.308 128 128-57.307 128-128 128z\"\/><\/svg><span class=\"button-text\">Dowiedz si\u0119 wi\u0119cej<\/span><\/a><\/div><\/li>\n<\/ul>\n<\/div>[vc_column_text css=&#8221;.vc_custom_1742587718753{margin-bottom: 0px !important;}&#8221;]\n<h3>Warsztaty VIP<\/h3>\n<p>W warsztatach VIP mog\u0105 bra\u0107 udzia\u0142 wy\u0142\u0105cznie Absolwentki warsztat\u00f3w wskazanych w opisie poszczeg\u00f3lnego warsztatu.<\/p>\n<p><strong>Aby zg\u0142osi\u0107 sw\u00f3j udzia\u0142<\/strong> oraz dosta\u0107 tematy i opisy warsztat\u00f3w prosz\u0119 o wys\u0142anie maila na info@nataliajefimowa.pl<\/p>\n<p>W mailu prosz\u0119 o podanie nast\u0119puj\u0105cej informacji:<\/p>\n<ol>\n<li>Imi\u0119 i Nazwisko<\/li>\n<li>Data udzia\u0142u we wskazanym w opisie warsztacie, kt\u00f3ry uko\u0144czy\u0142a\u015b aby mie\u0107 dost\u0119p.<\/li>\n<\/ol>\n[\/vc_column_text][\/vc_column][\/vc_row]\n<\/div>","protected":false},"excerpt":{"rendered":"<p>[vc_row][vc_column][vc_empty_space][\/vc_column][\/vc_row][vc_row][vc_column][vc_column_text css=&#8221;.vc_custom_1742587718753{margin-bottom: 0px !important;}&#8221;] Warsztaty VIP W warsztatach VIP mog\u0105 bra\u0107 udzia\u0142 wy\u0142\u0105cznie Absolwentki warsztat\u00f3w wskazanych w opisie poszczeg\u00f3lnego warsztatu. Aby zg\u0142osi\u0107 sw\u00f3j udzia\u0142 oraz dosta\u0107 tematy i opisy warsztat\u00f3w prosz\u0119 o wys\u0142anie maila na info@nataliajefimowa.pl W mailu prosz\u0119 o podanie nast\u0119puj\u0105cej informacji: Imi\u0119 i Nazwisko Data udzia\u0142u we wskazanym w opisie warsztacie, kt\u00f3ry uko\u0144czy\u0142a\u015b [&hellip;]<\/p>\n","protected":false},"author":253,"featured_media":0,"parent":0,"menu_order":0,"comment_status":"closed","ping_status":"closed","template":"","meta":{"_acf_changed":false,"footnotes":""},"class_list":["post-5558","page","type-page","status-publish","hentry"],"acf":[],"yoast_head":"<!-- This site is optimized with the Yoast SEO plugin v27.4 - https:\/\/yoast.com\/product\/yoast-seo-wordpress\/ -->\n<title>Home - Warsztaty VIP<\/title>\n<meta name=\"robots\" content=\"index, follow, max-snippet:-1, max-image-preview:large, max-video-preview:-1\" \/>\n<link rel=\"canonical\" href=\"https:\/\/nataliajefimowa.pl\/s2\/\" \/>\n<meta property=\"og:locale\" content=\"pl_PL\" \/>\n<meta property=\"og:type\" content=\"article\" \/>\n<meta property=\"og:title\" content=\"Home - Warsztaty VIP\" \/>\n<meta property=\"og:description\" content=\"[vc_row][vc_column][vc_empty_space][\/vc_column][\/vc_row][vc_row][vc_column][vc_column_text css=&#8221;.vc_custom_1742587718753{margin-bottom: 0px !important;}&#8221;] Warsztaty VIP W warsztatach VIP mog\u0105 bra\u0107 udzia\u0142 wy\u0142\u0105cznie Absolwentki warsztat\u00f3w wskazanych w opisie poszczeg\u00f3lnego warsztatu. Aby zg\u0142osi\u0107 sw\u00f3j udzia\u0142 oraz dosta\u0107 tematy i opisy warsztat\u00f3w prosz\u0119 o wys\u0142anie maila na info@nataliajefimowa.pl W mailu prosz\u0119 o podanie nast\u0119puj\u0105cej informacji: Imi\u0119 i Nazwisko Data udzia\u0142u we wskazanym w opisie warsztacie, kt\u00f3ry uko\u0144czy\u0142a\u015b [&hellip;]\" \/>\n<meta property=\"og:url\" content=\"https:\/\/nataliajefimowa.pl\/s2\/\" \/>\n<meta property=\"og:site_name\" content=\"Warsztaty VIP\" \/>\n<meta property=\"article:modified_time\" content=\"2025-03-21T23:29:13+00:00\" \/>\n<meta name=\"twitter:card\" content=\"summary_large_image\" \/>\n<meta name=\"twitter:label1\" content=\"Szacowany czas czytania\" \/>\n\t<meta name=\"twitter:data1\" content=\"1 minuta\" \/>\n<script type=\"application\/ld+json\" class=\"yoast-schema-graph\">{\"@context\":\"https:\\\/\\\/schema.org\",\"@graph\":[{\"@type\":\"WebPage\",\"@id\":\"https:\\\/\\\/nataliajefimowa.pl\\\/s2\\\/\",\"url\":\"https:\\\/\\\/nataliajefimowa.pl\\\/s2\\\/\",\"name\":\"Home - Warsztaty VIP\",\"isPartOf\":{\"@id\":\"https:\\\/\\\/nataliajefimowa.pl\\\/s2\\\/#website\"},\"datePublished\":\"2025-03-21T12:01:15+00:00\",\"dateModified\":\"2025-03-21T23:29:13+00:00\",\"breadcrumb\":{\"@id\":\"https:\\\/\\\/nataliajefimowa.pl\\\/s2\\\/#breadcrumb\"},\"inLanguage\":\"pl-PL\",\"potentialAction\":[{\"@type\":\"ReadAction\",\"target\":[\"https:\\\/\\\/nataliajefimowa.pl\\\/s2\\\/\"]}]},{\"@type\":\"BreadcrumbList\",\"@id\":\"https:\\\/\\\/nataliajefimowa.pl\\\/s2\\\/#breadcrumb\",\"itemListElement\":[{\"@type\":\"ListItem\",\"position\":1,\"name\":\"Strona g\u0142\u00f3wna\",\"item\":\"https:\\\/\\\/nataliajefimowa.pl\\\/s2\\\/\"},{\"@type\":\"ListItem\",\"position\":2,\"name\":\"Home\"}]},{\"@type\":\"WebSite\",\"@id\":\"https:\\\/\\\/nataliajefimowa.pl\\\/s2\\\/#website\",\"url\":\"https:\\\/\\\/nataliajefimowa.pl\\\/s2\\\/\",\"name\":\"Warsztaty VIP\",\"description\":\"\",\"potentialAction\":[{\"@type\":\"SearchAction\",\"target\":{\"@type\":\"EntryPoint\",\"urlTemplate\":\"https:\\\/\\\/nataliajefimowa.pl\\\/s2\\\/?s={search_term_string}\"},\"query-input\":{\"@type\":\"PropertyValueSpecification\",\"valueRequired\":true,\"valueName\":\"search_term_string\"}}],\"inLanguage\":\"pl-PL\"}]}<\/script>\n<!-- \/ Yoast SEO plugin. -->","yoast_head_json":{"title":"Home - Warsztaty VIP","robots":{"index":"index","follow":"follow","max-snippet":"max-snippet:-1","max-image-preview":"max-image-preview:large","max-video-preview":"max-video-preview:-1"},"canonical":"https:\/\/nataliajefimowa.pl\/s2\/","og_locale":"pl_PL","og_type":"article","og_title":"Home - Warsztaty VIP","og_description":"[vc_row][vc_column][vc_empty_space][\/vc_column][\/vc_row][vc_row][vc_column][vc_column_text css=&#8221;.vc_custom_1742587718753{margin-bottom: 0px !important;}&#8221;] Warsztaty VIP W warsztatach VIP mog\u0105 bra\u0107 udzia\u0142 wy\u0142\u0105cznie Absolwentki warsztat\u00f3w wskazanych w opisie poszczeg\u00f3lnego warsztatu. Aby zg\u0142osi\u0107 sw\u00f3j udzia\u0142 oraz dosta\u0107 tematy i opisy warsztat\u00f3w prosz\u0119 o wys\u0142anie maila na info@nataliajefimowa.pl W mailu prosz\u0119 o podanie nast\u0119puj\u0105cej informacji: Imi\u0119 i Nazwisko Data udzia\u0142u we wskazanym w opisie warsztacie, kt\u00f3ry uko\u0144czy\u0142a\u015b [&hellip;]","og_url":"https:\/\/nataliajefimowa.pl\/s2\/","og_site_name":"Warsztaty VIP","article_modified_time":"2025-03-21T23:29:13+00:00","twitter_card":"summary_large_image","twitter_misc":{"Szacowany czas czytania":"1 minuta"},"schema":{"@context":"https:\/\/schema.org","@graph":[{"@type":"WebPage","@id":"https:\/\/nataliajefimowa.pl\/s2\/","url":"https:\/\/nataliajefimowa.pl\/s2\/","name":"Home - Warsztaty VIP","isPartOf":{"@id":"https:\/\/nataliajefimowa.pl\/s2\/#website"},"datePublished":"2025-03-21T12:01:15+00:00","dateModified":"2025-03-21T23:29:13+00:00","breadcrumb":{"@id":"https:\/\/nataliajefimowa.pl\/s2\/#breadcrumb"},"inLanguage":"pl-PL","potentialAction":[{"@type":"ReadAction","target":["https:\/\/nataliajefimowa.pl\/s2\/"]}]},{"@type":"BreadcrumbList","@id":"https:\/\/nataliajefimowa.pl\/s2\/#breadcrumb","itemListElement":[{"@type":"ListItem","position":1,"name":"Strona g\u0142\u00f3wna","item":"https:\/\/nataliajefimowa.pl\/s2\/"},{"@type":"ListItem","position":2,"name":"Home"}]},{"@type":"WebSite","@id":"https:\/\/nataliajefimowa.pl\/s2\/#website","url":"https:\/\/nataliajefimowa.pl\/s2\/","name":"Warsztaty VIP","description":"","potentialAction":[{"@type":"SearchAction","target":{"@type":"EntryPoint","urlTemplate":"https:\/\/nataliajefimowa.pl\/s2\/?s={search_term_string}"},"query-input":{"@type":"PropertyValueSpecification","valueRequired":true,"valueName":"search_term_string"}}],"inLanguage":"pl-PL"}]}},"_links":{"self":[{"href":"https:\/\/nataliajefimowa.pl\/s2\/wp-json\/wp\/v2\/pages\/5558","targetHints":{"allow":["GET"]}}],"collection":[{"href":"https:\/\/nataliajefimowa.pl\/s2\/wp-json\/wp\/v2\/pages"}],"about":[{"href":"https:\/\/nataliajefimowa.pl\/s2\/wp-json\/wp\/v2\/types\/page"}],"author":[{"embeddable":true,"href":"https:\/\/nataliajefimowa.pl\/s2\/wp-json\/wp\/v2\/users\/253"}],"replies":[{"embeddable":true,"href":"https:\/\/nataliajefimowa.pl\/s2\/wp-json\/wp\/v2\/comments?post=5558"}],"version-history":[{"count":6,"href":"https:\/\/nataliajefimowa.pl\/s2\/wp-json\/wp\/v2\/pages\/5558\/revisions"}],"predecessor-version":[{"id":5898,"href":"https:\/\/nataliajefimowa.pl\/s2\/wp-json\/wp\/v2\/pages\/5558\/revisions\/5898"}],"wp:attachment":[{"href":"https:\/\/nataliajefimowa.pl\/s2\/wp-json\/wp\/v2\/media?parent=5558"}],"curies":[{"name":"wp","href":"https:\/\/api.w.org\/{rel}","templated":true}]}}